{"id":62,"date":"2017-06-27T12:07:03","date_gmt":"2017-06-27T10:07:03","guid":{"rendered":"http:\/\/dgg-ev-bonn.de\/wp\/?page_id=62"},"modified":"2020-06-29T15:11:15","modified_gmt":"2020-06-29T13:11:15","slug":"themen","status":"publish","type":"page","link":"https:\/\/dgg-ev-bonn.de\/index.php\/themen\/","title":{"rendered":"Didaktik &#038; Methodik"},"content":{"rendered":"<p>Als gemeinn\u00fctziger Verein dient die DGG der F\u00f6rderung einer ganzheitlichen Sexualerziehung, die sich an aktuellen wissenschaftlichen Erkenntnissen orientiert. Sexualerziehung ist als wesentlicher Teil der Pers\u00f6nlichkeitsbildung darauf ausgerichtet, Sexualit\u00e4t als verantwortungsbewusstes Handeln gegen\u00fcber sich selbst, dem Partner oder der Partnerin, dem Kind oder Jugendlichen und der Gesellschaft zu begreifen. Die DGG versteht sich als ein Forum f\u00fcr unterschiedliche Vorstellungen und \u00dcberzeugungen bez\u00fcglich moralischer Werte zur menschlichen Sexualit\u00e4t im Sinne einer pluralistischen Meinungsbildung. Sie vertritt keine extremen Positionen, die Sexualit\u00e4t unterdr\u00fccken und verdammen oder in ihr prim\u00e4r ein politisches Instrument zur Gesellschaftsver\u00e4nderung sehen.<\/p>\n<p>Die F\u00f6rderung der Sexualerziehung m\u00f6chte die DGG durch Zusammenarbeit aller damit befassten Institutionen und Einzelpersonen in Forschung und Lehre, in Theorie und Praxis erreichen.<\/p>\n<p>Dabei setzt sie sich mit dem jeweiligen Diskussionsstand der Wissenschaften und deren Untersuchungsergebnissen auseinander, f\u00f6rdert eigene Forschungsvorhaben, bezieht Informationen und Anregungen aus der Praxis und unterst\u00fctzt diese in ihren Aktivit\u00e4ten. Adressaten sind insbesondere junge Menschen. Sie gilt es sowohl in ihrer sexuellen Selbstbestimmung zu f\u00f6rdern als auch zu verantwortungsbewusstem Umgang mit Sexualit\u00e4t zu bef\u00e4higen. Wichtige Zielgruppen sind au\u00dferdem Erzieher, Lehrer und Fach- und Hochschullehrer, sozialp\u00e4dagogisch T\u00e4tige und Eltern, denen Informationen und Hilfestellungen bei der Bew\u00e4ltigung ihrer sexualp\u00e4dagogischen Aufgaben gegeben werden sollten. Selbstverst\u00e4ndlich steht hierbei die Funktions- und Berufsbezeichnung f\u00fcr alle Geschlechter. Genus und Sexus werden grund<\/p>\n<p>Als gemeinn\u00fctziger Verein dient die DGG der F\u00f6rderung einer ganzheitlichen Sexualerziehung, die sich an aktuellen wissenschaftlichen Erkenntnissen orientiert. Sexualerziehung ist als wesentlicher Teil der Pers\u00f6nlichkeitsbildung darauf ausgerichtet, Sexualit\u00e4t als verantwortungsbewusstes Handeln gegen\u00fcber sich selbst, dem Partner oder der Partnerin, dem Kind oder Jugendlichen und der Gesellschaft zu begreifen. Die DGG versteht sich als ein Forum f\u00fcr unterschiedliche Vorstellungen und \u00dcberzeugungen bez\u00fcglich moralischer Werte zur menschlichen Sexualit\u00e4t im Sinne einer pluralistischen Meinungsbildung. Sie vertritt keine extremen Positionen, die Sexualit\u00e4t unterdr\u00fccken und verdammen oder in ihr prim\u00e4r ein politisches Instrument zur Gesellschaftsver\u00e4nderung sehen.<\/p>\n<p>Die F\u00f6rderung der Sexualerziehung m\u00f6chte die DGG durch Zusammenarbeit aller damit befassten Institutionen und Einzelpersonen in Forschung und Lehre, in Theorie und Praxis erreichen.<\/p>\n<p>Dabei setzt sie sich mit dem jeweiligen Diskussionsstand der Wissenschaften und deren Untersuchungsergebnissen auseinander, f\u00f6rdert eigene Forschungsvorhaben, bezieht Informationen und Anregungen aus der Praxis und unterst\u00fctzt diese in ihren Aktivit\u00e4ten. Adressaten sind insbesondere junge Menschen. Sie gilt es sowohl in ihrer sexuellen Selbstbestimmung zu f\u00f6rdern als auch zu verantwortungsbewusstem Umgang mit Sexualit\u00e4t zu bef\u00e4higen. Wichtige Zielgruppen sind au\u00dferdem Erzieher, Lehrer und Fach- und Hochschullehrer, sozialp\u00e4dagogisch T\u00e4tige und Eltern, denen Informationen und Hilfestellungen bei der Bew\u00e4ltigung ihrer sexualp\u00e4dagogischen Aufgaben gegeben werden sollten. Selbstverst\u00e4ndlich steht hierbei die Funktions- und Berufsbezeichnung f\u00fcr alle Geschlechter. Genus und Sexus werden grunds\u00e4tzlich nicht verwechselt.<\/p>\n<p>Wichtig ist uns die AIDS- und Missbrauchspr\u00e4vention, die f\u00fcr die DGG ohne zeitgem\u00e4\u00dfe Sexualp\u00e4dagogik nicht denkbar ist.<\/p>\n<p>Das Rahmenkonzept liefert das Programm Salutogenese, die allgemeine Gesundheitsf\u00f6rderung.<\/p>\n<p>\u00a0<\/p>\n<ul>\n<li>AIDS<\/li>\n<li>Sexueller Missbrauch<\/li>\n<li>Familien- und Sexualerziehung<\/li>\n<li>Geschichte<\/li>\n<\/ul>\n\n\n<h1 class=\"wp-block-heading\">29. Juni 2020 \u2013 Erinnerung an sexualp\u00e4dagogischen Fixpunkt: Vor 25. Jahren, am 29. Juni 1995 verabschiedete der Deutsche Bundestag mit Zweidrittelmehrheit ein neues Abtreibungsrecht, das einen Schwangerschaftsabbruch innerhalb der ersten drei Monate zul\u00e4sst, wenn sich die Schwangere vorher beraten l\u00e4sst.<\/h1>\n\n\n\n<figure class=\"wp-block-image\"><img decoding=\"async\" src=\"http:\/\/2.gravatar.com\/avatar\/58d29b9233f83d76a4be2e23c15e3b4d?s=32&amp;d=mm&amp;r=g\" alt=\"\"\/><\/figure>\n\n\n\n<p>Ver\u00f6ffentlicht von&nbsp;<a href=\"http:\/\/dgg-ev-bonn.de\/index.php\/author\/linus\/\">Linus Dietz<\/a><\/p>\n\n\n\n<p>Die DGG empfiehlt anl\u00e4sslich diese Silberjubil\u00e4ums den schulischen Lehrkr\u00e4ften: Zum Unterrichtsbeginn eignen sich Gespr\u00e4che mit Sch\u00fclerinnen und Sch\u00fclern zu aktuellen Ereignissen. Ein Jubil\u00e4um wie dieses mag als Beispiel gelten. Danach f\u00e4llt es leichter, mit dieser Klasse \u00fcber die Themen des Lehrplanes zur j\u00e4hrlich vorgeschriebenen f\u00e4cher\u00fcbergreifenden Sexualerziehung zu sprechen. Daran erinnert Dietz: \u201eEs ist immer wieder verwunderlich, wieviele Lehrkr\u00e4fte und Schulleitungen der Meinung sind (und diese auch nach au\u00dfen vertreten), Sexualerziehung in der Schule sei in der 4., 6. oder 8. Klasse zu verorten und werde normalerweise von au\u00dferschulischen Kr\u00e4ften erledigt.\u201c Unbestritten K\u00d6NNEN nach R\u00fccksprache mit der Schulleitung auch \u201eG\u00e4ste\u201c am lehrplanm\u00e4\u00dfigen Unterricht mitwirken, \u2013 aber die Verantwortung auch f\u00fcr einzelne Inhalte kann kein Lehrer (m,w,d) delegieren.<\/p>\n\n\n\n<p>2019: Info \u00fcber Abtreibung erleichtert \u2013 Gesetz&nbsp;\u00a7&nbsp;291 a beschlossen \u2013&nbsp;(Quelle: 22.2.2019 MP, S. 4)&nbsp;<\/p>\n\n\n\n<p>Der Bundestag reformiert Paragraf 219a des Abtreibungsrechts. \u00c4rzte d\u00fcrfen k\u00fcnftig angeben, dass sie Abtreibungen vornehmen. Ausgel\u00f6st wurde die \u00c4nderung durch den Fall einer \u00c4rztin aus Gie\u00dfen, die wegen unerlaubter Werbung verurteilt wurde.<\/p>\n\n\n\n<p><strong>Quellen f\u00fcr weitere Informationen:&nbsp;<\/strong><\/p>\n\n\n\n<figure class=\"wp-block-embed\"><div class=\"wp-block-embed__wrapper\">\nhttps:\/\/www.aerzteblatt.de\/nachrichten\/101272\/Informationen-ueber-Schwangerschaftsabbrueche-werden-erleichtert\n<\/div><\/figure>\n\n\n\n<figure class=\"wp-block-embed\"><div class=\"wp-block-embed__wrapper\">\nhttps:\/\/www.womenshealth.de\n<\/div><\/figure>\n\n\n\n<figure class=\"wp-block-embed\"><div class=\"wp-block-embed__wrapper\">\nhttps:\/\/www.profamilia.de\/\/\n<\/div><\/figure>\n\n\n\n<h2 class=\"wp-block-heading\">Beitrags-Navigation<\/h2>\n","protected":false},"excerpt":{"rendered":"<p>Als gemeinn\u00fctziger Verein dient die DGG der F\u00f6rderung einer ganzheitlichen Sexualerziehung, die sich an aktuellen wissenschaftlichen Erkenntnissen orientiert. Sexualerziehung ist<\/p>\n","protected":false},"author":1,"featured_media":0,"parent":0,"menu_order":2,"comment_status":"closed","ping_status":"closed","template":"","meta":{"footnotes":""},"class_list":["post-62","page","type-page","status-publish","hentry"],"_links":{"self":[{"href":"https:\/\/dgg-ev-bonn.de\/index.php\/wp-json\/wp\/v2\/pages\/62","targetHints":{"allow":["GET"]}}],"collection":[{"href":"https:\/\/dgg-ev-bonn.de\/index.php\/wp-json\/wp\/v2\/pages"}],"about":[{"href":"https:\/\/dgg-ev-bonn.de\/index.php\/wp-json\/wp\/v2\/types\/page"}],"author":[{"embeddable":true,"href":"https:\/\/dgg-ev-bonn.de\/index.php\/wp-json\/wp\/v2\/users\/1"}],"replies":[{"embeddable":true,"href":"https:\/\/dgg-ev-bonn.de\/index.php\/wp-json\/wp\/v2\/comments?post=62"}],"version-history":[{"count":6,"href":"https:\/\/dgg-ev-bonn.de\/index.php\/wp-json\/wp\/v2\/pages\/62\/revisions"}],"predecessor-version":[{"id":1010,"href":"https:\/\/dgg-ev-bonn.de\/index.php\/wp-json\/wp\/v2\/pages\/62\/revisions\/1010"}],"wp:attachment":[{"href":"https:\/\/dgg-ev-bonn.de\/index.php\/wp-json\/wp\/v2\/media?parent=62"}],"curies":[{"name":"wp","href":"https:\/\/api.w.org\/{rel}","templated":true}]}}