{"id":2,"date":"2022-01-20T14:43:00","date_gmt":"2022-01-20T13:43:00","guid":{"rendered":"http:\/\/dgg-ev-bonn.de\/wp\/?page_id=2"},"modified":"2025-07-23T12:41:17","modified_gmt":"2025-07-23T10:41:17","slug":"beispiel-seite","status":"publish","type":"page","link":"https:\/\/dgg-ev-bonn.de\/","title":{"rendered":"Wir \u00fcber uns"},"content":{"rendered":"<p><strong>Herzlich Willkommen<\/strong><\/p>\n<p><span style=\"color: #33cccc;\"><strong>2022 &#8230; auf den Seiten der DGG neV (nicht als gemeinn\u00fctzig eingetragener Verein gef\u00fchrt und anerkannt)<\/strong><\/span><\/p>\n<p>aus Sicherheitsgr\u00fcnden und zur Verminderung der aggressiven Spams<strong> jetzt neu: https:\/\/dgg-ev-bonn.de\/<\/strong><\/p>\n<p><span style=\"color: #33cccc;\"><strong><span style=\"text-decoration: underline;\">SEXUAL HEALTH \u00a0&#8222;Deutsche Gesellschaft f\u00fcr Gesundheitsf\u00f6rderung&#8220; \u00a0 \u00a0DGG<\/span><\/strong><\/span><\/p>\n<p><span style=\"color: #33cccc;\"><strong>Forschungs- und Beratungsstelle, W\u00fcrzburg<\/strong><\/span><\/p>\n<p><a href=\"http:\/\/dgg-ev-bonn.de\/wp-content\/uploads\/2023\/01\/2022-dgg-neV-neu-KurzINFO-1.pdf\">2022 dgg neV neu KurzINFO<\/a><\/p>\n<p><strong>1978 bis 2021 DGG e.V. \u00a0&#8222;Deutsche Gesellschaft f\u00fcr Geschlechtserziehung\u201c \u00a0<\/strong><\/p>\n<p>Die &#8222;Deutsche Gesellschaft f\u00fcr Geschlechtserziehung\u201c stand als eingetragener Verein &#8222;eV&#8220; von 1978 bis 2021 und steht ab 2022 weiterhin &#8211; ohne ein eingetragner Verein zu sein (o eV) &#8211; f\u00fcr sexualp\u00e4dagogische Vermittlung von Wissen und Bildung im umfassenden Bereich Gesundheit, professionell vermittelt auf wissenschaftlicher Basis ohne ideologische Ausrichtung und Parteinahme, insbesondere durch die gesetzbasierte schulische Sexualerziehung seit 1968 in allen Schulen aller Bundesl\u00e4nder. So sieht sie das zweite &#8222;G&#8220; auch weniger als Geschlechtserziehung, sondern mehr als <em>Gesundheitserziehung im Sinne der WHO &#8222;unter Einbeziehung des geschlechtlichen\/sexuellen Wohlbefindens&#8220;<\/em>, wie in unserem Dach-Verband W A S als <em>SEXUAL HEALTH<\/em>.<\/p>\n<p>Der Letzt-Vorsitzende\/Last-President Linus Dietz betreibt auf dieser Grundlage eine Forschung- und Beratungsstelle mit Archiv und B\u00fccherei sowie Medien- und Materialsammlung in der ehemaligen Gesch\u00e4ftsstelle W\u00fcrzburg als DGG neV, Lengfelder Str 29, D- 97078 W\u00fcrzburg. dgg at sexualerziehung.org<\/p>\n<p>Anmeldung ist erforderlich. Arbeitszeit erfolgt nicht ausschlie\u00dflich ehrenamtlich.<\/p>\n<p><span style=\"text-decoration: underline;\">Die Homepage <strong>www.sexualerziehung.org<\/strong> \u00a0und die Anschriften (siehe IMPRESSUM ) verbleiben. <\/span><\/p>\n<p><span style=\"text-decoration: underline;\">Ungenauigkeiten im Text k\u00f6nnen f\u00fcr eine gewisse \u00dcbergangszeit auftreten. \u00a0<\/span><span style=\"text-decoration: underline; color: #ff0000;\"><strong>Wenn nicht anders angegeben, verbleiben die f\u00fcr die DGG eV geltenden Vereinbarungen auch f\u00fcr die Gesch\u00e4ftsstelle der DGG neV wirksam. <\/strong><\/span><\/p>\n<p><span style=\"text-decoration: underline;\"><strong>Wir bitten um Kenntnisnahme und Verst\u00e4ndnis.<\/strong><\/span><\/p>\n\n\n<figure class=\"wp-block-image size-full\"><img loading=\"lazy\" decoding=\"async\" width=\"258\" height=\"258\" src=\"http:\/\/dgg-ev-bonn.de\/wp-content\/uploads\/2022\/01\/Lastpresident.jpg\" alt=\"\" class=\"wp-image-1098\" title=\"Last-President DGG 2021\" srcset=\"https:\/\/dgg-ev-bonn.de\/wp-content\/uploads\/2022\/01\/Lastpresident.jpg 258w, https:\/\/dgg-ev-bonn.de\/wp-content\/uploads\/2022\/01\/Lastpresident-150x150.jpg 150w\" sizes=\"auto, (max-width: 258px) 100vw, 258px\" \/><\/figure>\n\n\n<p>Die DGG hat nun mehr\u00a0als 40 Jahre Erfahrung auf dem Gebiet der schulisch verpflichtenden Sexualerziehung <br \/>und grundlegende Fachkompetenz auf dem Teil-Gebiet der Sexualwissenschaft erworben. <strong>Sexualbildung<\/strong> im Bereich der umfassenden Gesundheitserziehung und -bildung bleibt Basis und Kerngesch\u00e4ft der Beratungsstelle.<\/p>\n<p><a href=\"http:\/\/dgg-ev-bonn.de\/wp\/wp-content\/uploads\/2017\/05\/lernfeld.bmp\"><img loading=\"lazy\" decoding=\"async\" class=\"alignleft wp-image-25 size-medium\" src=\"http:\/\/dgg-ev-bonn.de\/wp-content\/uploads\/2017\/05\/lernfeld-300x258.bmp\" alt=\"\" width=\"300\" height=\"258\" srcset=\"https:\/\/dgg-ev-bonn.de\/wp-content\/uploads\/2017\/05\/lernfeld-300x258.bmp 300w, https:\/\/dgg-ev-bonn.de\/wp-content\/uploads\/2017\/05\/lernfeld.bmp 558w\" sizes=\"auto, (max-width: 300px) 100vw, 300px\" \/><\/a>Die DGG NEU ohne eV sieht sich mit dem Logo wie bisher treffend gekennzeichnet.<\/p>\n<p>Wir begr\u00fc\u00dfen alle Aktivit\u00e4ten von Forschung, Lehre und Unterricht sowie von Beratungen und Ver\u00f6ffentlichungen, die geeignet sind, ein menschenw\u00fcrdiges\u00a0Sexualleben zu f\u00f6rdern. Sexualbildung als umfassend nachhaltige Gesundheitserziehung kann und soll durch wissenschaftlich orientierte Aufkl\u00e4rung hierzu helfen.<\/p>\n<p>Wir sind fest \u00fcberzeugt: <strong>Sexuelles Wohlbefinden ist ein Menschenrecht: <span style=\"text-decoration: underline;\">\u201eWISSEN SCH\u00dcTZT &#8211; Bildung n\u00fctzt\u201c<\/span><\/strong><\/p>\n<p>Und daf\u00fcr werben wir um Verb\u00fcndete und um Unterst\u00fctzung.<\/p>\n<p>Wir sind an R\u00fcckmeldungen und Kritik interessiert und suchen pers\u00f6nliche und institutionelle Kontakte mit allen, die sich um Kinder- und Jugendschutz im weiten Sinne k\u00fcmmern.<\/p>\n<p><span style=\"font-family: -webkit-standard, serif;\">Die DGG eV war und ist auch als o eV\u00a0<strong>Mitglied des Fach-Dach-Verbandes\u00a0W A S<\/strong>\u00a0WORLD ASSOCIATION FOR SEXOLOGY\u00a0seit 1983 und jetzt:\u00a0<\/span><span style=\"font-family: -webkit-standard, serif;\"><span style=\"font-weight: 600;\">WORLD ASSOCIATION FOR SEXUAL HEALTH <strong><span style=\"color: #ff0000;\"><u>www.worldsexualhealth.net<\/u><\/span><\/strong><\/span><\/span><\/p>\n<p>Die DGG eV war aktiv an den Welt-Kongressen der WAS beteiligt in Heidelberg, Kuba, Stockholm, Prag &#8230;<\/p>\n<p>Wir als DGG <strong>SEXUAL HEALTH \u00a0&#8222;Deutsche Gesellschaft f\u00fcr Gesundheitsf\u00f6rderung&#8220; \u00a0 \u00a0<\/strong><\/p>\n<p><strong>DGG <\/strong><strong>Forschungs- und Beratungsstelle, W\u00fcrzburg, &#8211; <\/strong>verfolgen &#8211; falls eine Teilnahme nicht m\u00f6glich ist &#8211; alle Weltkongresse akribisch und laden zur Beteiligung ein:<\/p>\n<table class=\"mcnTextBlock\" border=\"0\" width=\"100%\" cellspacing=\"0\" cellpadding=\"0\">\n<tbody class=\"mcnTextBlockOuter\">\n<tr>\n<td class=\"mcnTextBlockInner\" valign=\"top\">\n<table class=\"mcnTextContentContainer\" border=\"0\" width=\"100%\" cellspacing=\"0\" cellpadding=\"0\" align=\"left\">\n<tbody>\n<tr>\n<td class=\"mcnTextContent\" valign=\"top\">Dear WAS Members and Friends,\u00a0\n<p><strong>Final Countdown: 4 Weeks Left to Submit Abstracts for WAS 2025!<\/strong><\/p>\n<p>The clock is ticking! We\u2019re just four weeks away from the October 27, 2024 deadline to submit your abstracts for the 27th Congress of the World Association for Sexual Health (WAS) in Brisbane, Australia, from June 16th to 19th, 2025. Don\u2019t miss this opportunity to contribute to the global conversation on Sexual Health, Rights, Justice, and Pleasure.<\/p>\n<p>Whether you\u2019re a researcher, educator, or practitioner, this is your chance to share your insights and help shape the future of sexual health worldwide.<\/p>\n<\/td>\n<\/tr>\n<\/tbody>\n<\/table>\n<\/td>\n<\/tr>\n<\/tbody>\n<\/table>\n<table class=\"mcnButtonBlock\" border=\"0\" width=\"100%\" cellspacing=\"0\" cellpadding=\"0\">\n<tbody class=\"mcnButtonBlockOuter\">\n<tr>\n<td class=\"mcnButtonBlockInner\" align=\"center\" valign=\"top\">\n<table class=\"mcnButtonContentContainer\" border=\"0\" cellspacing=\"0\" cellpadding=\"0\">\n<tbody>\n<tr>\n<td class=\"mcnButtonContent\" align=\"center\" valign=\"middle\"><a class=\"mcnButton \" title=\"Submit your abstract here\" href=\"https:\/\/worldsexualhealth.us13.list-manage.com\/track\/click?u=8bb6e803bfed46c18d1138efa&amp;id=98724ba5f2&amp;e=bcc320aa6a\" target=\"_blank\" rel=\"noopener\">Submit your abstract here<\/a><\/td>\n<\/tr>\n<\/tbody>\n<\/table>\n<\/td>\n<\/tr>\n<\/tbody>\n<\/table>\n<table class=\"mcnImageBlock\" border=\"0\" width=\"100%\" cellspacing=\"0\" cellpadding=\"0\">\n<tbody class=\"mcnImageBlockOuter\">\n<tr>\n<td class=\"mcnImageBlockInner\" valign=\"top\">\n<table class=\"mcnImageContentContainer\" border=\"0\" width=\"100%\" cellspacing=\"0\" cellpadding=\"0\" align=\"left\">\n<tbody>\n<tr>\n<td class=\"mcnImageContent\" valign=\"top\"><img decoding=\"async\" class=\"mcnImage\" src=\"https:\/\/mcusercontent.com\/8bb6e803bfed46c18d1138efa\/images\/a9680d5a-8d36-9e13-aa81-ff8ea4ff17dd.png\" alt=\"\" width=\"564\" align=\"middle\" \/><\/td>\n<\/tr>\n<\/tbody>\n<\/table>\n<\/td>\n<\/tr>\n<\/tbody>\n<\/table>\n<table class=\"mcnBoxedTextBlock\" border=\"0\" width=\"100%\" cellspacing=\"0\" cellpadding=\"0\">\n<tbody class=\"mcnBoxedTextBlockOuter\">\n<tr>\n<td class=\"mcnBoxedTextBlockInner\" valign=\"top\">\n<table class=\"mcnBoxedTextContentContainer\" border=\"0\" width=\"100%\" cellspacing=\"0\" cellpadding=\"0\" align=\"left\">\n<tbody>\n<tr>\n<td>\n<table class=\"mcnTextContentContainer\" border=\"0\" width=\"100%\" cellspacing=\"0\">\n<tbody>\n<tr>\n<td class=\"mcnTextContent\" valign=\"top\">\n<h2 class=\"mc-toc-title\"><span style=\"color: #ffffff;\">Featured Articles from the International Journal of Sexual Health<\/span><\/h2>\n<\/td>\n<\/tr>\n<\/tbody>\n<\/table>\n<\/td>\n<\/tr>\n<\/tbody>\n<\/table>\n<\/td>\n<\/tr>\n<\/tbody>\n<\/table>\n<table class=\"mcnTextBlock\" border=\"0\" width=\"100%\" cellspacing=\"0\" cellpadding=\"0\">\n<tbody class=\"mcnTextBlockOuter\">\n<tr>\n<td class=\"mcnTextBlockInner\" valign=\"top\">\n<table class=\"mcnTextContentContainer\" border=\"0\" width=\"100%\" cellspacing=\"0\" cellpadding=\"0\" align=\"left\">\n<tbody>\n<tr>\n<td class=\"mcnTextContent\" valign=\"top\">To commemorate this year&#8217;s World Sexual Health Day theme, +Positive Relationships, the International Journal of Sexual Health (IJSH)\u2014the official journal of WAS\u2014is offering select articles free to access from September 2nd to October 31st, 2024.\n<p>These featured articles explore critical aspects of +Positive Relationships, providing valuable insights for professionals, researchers, and anyone interested in advancing Sexual Health and Rights.<\/p>\n<p><strong>1. In Pursuit of Pleasure: A Biopsychosocial Perspective on Sexual Pleasure and Gender<\/strong><br \/>Laan, E. T. M., Klein, V., Werner, M. A., van Lunsen, R. H. W., &amp; Janssen, E. (2021)<br \/><a href=\"https:\/\/worldsexualhealth.us13.list-manage.com\/track\/click?u=8bb6e803bfed46c18d1138efa&amp;id=74262b63c7&amp;e=bcc320aa6a\" target=\"_blank\" rel=\"noopener\">Read the full article here (Open Access)<\/a><\/p>\n<p>This paper presents a comprehensive biopsychosocial analysis of sexual pleasure, revealing that while men and women have similar capacities for sexual pleasure, their experiences are often unequal. The article challenges the notion that gender differences in pleasure are biologically determined and calls for a more critical discourse to address these inequalities.\u00a0<\/p>\n<p><strong>2. The Health Benefits of Sexual Expression<\/strong><br \/>Gianotten, W. L., Alley, J. C., &amp; Diamond, L. M. (2021)<br \/><a href=\"https:\/\/worldsexualhealth.us13.list-manage.com\/track\/click?u=8bb6e803bfed46c18d1138efa&amp;id=5e03bac593&amp;e=bcc320aa6a\" target=\"_blank\" rel=\"noopener\">Read the full article here (Free to View until October 31st, 2024)<\/a><\/p>\n<p>This article highlights the significant emotional, social, and physical benefits of sexual activity, which are often overlooked in healthcare. Despite the challenge in proving that &#8222;good sex promotes good health,&#8220; the authors argue for greater attention to sexuality within healthcare professions and call for more integrated research into its health benefits.\u00a0<\/p>\n<p>We&#8217;d also like to remind you of these two articles that we featured earlier in September:<\/p>\n<p><strong>3. Minority Stress and Relationship Well-Being in Sexual Minorities: The Varying Role of Outness on Relationship and Sexual Satisfaction<\/strong><br \/>Vale, M. T., &amp; Bisconti, T. L. (2021)<br \/><a href=\"https:\/\/worldsexualhealth.us13.list-manage.com\/track\/click?u=8bb6e803bfed46c18d1138efa&amp;id=ed0bed07c8&amp;e=bcc320aa6a\" target=\"_blank\" rel=\"noopener\">Read the full article here (Free to View until October 31st, 2024)<\/a><\/p>\n<p><strong>4. Integrating Sexual Pleasure for Quality &amp; Inclusive Comprehensive Sexuality Education<\/strong><br \/>Mark, K., Corona-Vargas, E., &amp; Cruz, M. (2021)<br \/><a href=\"https:\/\/worldsexualhealth.us13.list-manage.com\/track\/click?u=8bb6e803bfed46c18d1138efa&amp;id=645dc66fb9&amp;e=bcc320aa6a\" target=\"_blank\" rel=\"noopener\">Read the full article here\u00a0(Free to View until October 31st, 2024)<\/a><\/p>\n<p>We encourage you to download and share these resources while they are available as open-access.<\/p>\n<\/td>\n<\/tr>\n<\/tbody>\n<\/table>\n<\/td>\n<\/tr>\n<\/tbody>\n<\/table>\n<table class=\"mcnImageBlock\" border=\"0\" width=\"100%\" cellspacing=\"0\" cellpadding=\"0\">\n<tbody class=\"mcnImageBlockOuter\">\n<tr>\n<td class=\"mcnImageBlockInner\" valign=\"top\">\n<table class=\"mcnImageContentContainer\" border=\"0\" width=\"100%\" cellspacing=\"0\" cellpadding=\"0\" align=\"left\">\n<tbody>\n<tr>\n<td class=\"mcnImageContent\" valign=\"top\">\u00a0<\/td>\n<\/tr>\n<\/tbody>\n<\/table>\n<\/td>\n<\/tr>\n<\/tbody>\n<\/table>\n<table class=\"mcnBoxedTextBlock\" border=\"0\" width=\"100%\" cellspacing=\"0\" cellpadding=\"0\">\n<tbody class=\"mcnBoxedTextBlockOuter\">\n<tr>\n<td class=\"mcnBoxedTextBlockInner\" valign=\"top\">\n<table class=\"mcnBoxedTextContentContainer\" border=\"0\" width=\"100%\" cellspacing=\"0\" cellpadding=\"0\" align=\"left\">\n<tbody>\n<tr>\n<td>\n<table class=\"mcnTextContentContainer\" border=\"0\" width=\"100%\" cellspacing=\"0\">\n<tbody>\n<tr>\n<td class=\"mcnTextContent\" valign=\"top\">\n<h2 class=\"mc-toc-title\">Reminder: Upcoming SEC Webinar\u2014Comprehensive Sexuality Education Beyond the Classroom<\/h2>\n<\/td>\n<\/tr>\n<\/tbody>\n<\/table>\n<\/td>\n<\/tr>\n<\/tbody>\n<\/table>\n<\/td>\n<\/tr>\n<\/tbody>\n<\/table>\n<table class=\"mcnTextBlock\" border=\"0\" width=\"100%\" cellspacing=\"0\" cellpadding=\"0\">\n<tbody class=\"mcnTextBlockOuter\">\n<tr>\n<td class=\"mcnTextBlockInner\" valign=\"top\">\n<table class=\"mcnTextContentContainer\" border=\"0\" width=\"100%\" cellspacing=\"0\" cellpadding=\"0\" align=\"left\">\n<tbody>\n<tr>\n<td class=\"mcnTextContent\" valign=\"top\">Don\u2019t forget to join us on October 17th, 2024, at 9:00 AM ET for an enlightening webinar hosted by the WAS Sexuality Education Committee.\n<p>Webinar Title: Comprehensive Sexuality Education: Beyond the Classroom<br \/>Key Speakers:<\/p>\n<ul>\n<li>Welcome message by Esther Corona (WAS Executive Committee Member and Vice-Chair of the Sexuality Education Committee)<\/li>\n<li>Karen Rayne, PhD (Moderator)<\/li>\n<li>Melanie Davis, PhD<\/li>\n<li>Jaclyn Friedman<\/li>\n<li>Dr. Venkatraman Chandra-Mouli, PhD (WAS Gold Medal Award winner)<\/li>\n<\/ul>\n<p>This session will explore how sexuality education can evolve and expand its reach beyond traditional educational settings. Don\u2019t miss this opportunity to learn from global leaders in Sexual Health and Rights.<\/p>\n<\/td>\n<\/tr>\n<\/tbody>\n<\/table>\n<\/td>\n<\/tr>\n<\/tbody>\n<\/table>\n<table class=\"mcnButtonBlock\" border=\"0\" width=\"100%\" cellspacing=\"0\" cellpadding=\"0\">\n<tbody class=\"mcnButtonBlockOuter\">\n<tr>\n<td class=\"mcnButtonBlockInner\" align=\"center\" valign=\"top\">\n<table class=\"mcnButtonContentContainer\" border=\"0\" cellspacing=\"0\" cellpadding=\"0\">\n<tbody>\n<tr>\n<td class=\"mcnButtonContent\" align=\"center\" valign=\"middle\"><a class=\"mcnButton \" title=\"Register for the webinar here\" href=\"https:\/\/worldsexualhealth.us13.list-manage.com\/track\/click?u=8bb6e803bfed46c18d1138efa&amp;id=7188f84093&amp;e=bcc320aa6a\" target=\"_blank\" rel=\"noopener\">Register for the webinar here<\/a><\/td>\n<\/tr>\n<\/tbody>\n<\/table>\n<\/td>\n<\/tr>\n<\/tbody>\n<\/table>\n<table class=\"mcnImageBlock\" border=\"0\" width=\"100%\" cellspacing=\"0\" cellpadding=\"0\">\n<tbody class=\"mcnImageBlockOuter\">\n<tr>\n<td class=\"mcnImageBlockInner\" valign=\"top\">\n<table class=\"mcnImageContentContainer\" border=\"0\" width=\"100%\" cellspacing=\"0\" cellpadding=\"0\" align=\"left\">\n<tbody>\n<tr>\n<td class=\"mcnImageContent\" valign=\"top\"><img decoding=\"async\" class=\"mcnImage\" src=\"https:\/\/mcusercontent.com\/8bb6e803bfed46c18d1138efa\/images\/aa5b201b-0adb-1aab-26e7-b9c57cb99e39.png\" alt=\"\" width=\"564\" align=\"middle\" \/><\/td>\n<\/tr>\n<\/tbody>\n<\/table>\n<\/td>\n<\/tr>\n<\/tbody>\n<\/table>\n<table class=\"mcnBoxedTextBlock\" border=\"0\" width=\"100%\" cellspacing=\"0\" cellpadding=\"0\">\n<tbody class=\"mcnBoxedTextBlockOuter\">\n<tr>\n<td class=\"mcnBoxedTextBlockInner\" valign=\"top\">\n<table class=\"mcnBoxedTextContentContainer\" border=\"0\" width=\"100%\" cellspacing=\"0\" cellpadding=\"0\" align=\"left\">\n<tbody>\n<tr>\n<td>\n<table class=\"mcnTextContentContainer\" border=\"0\" width=\"100%\" cellspacing=\"0\">\n<tbody>\n<tr>\n<td class=\"mcnTextContent\" valign=\"top\">\n<h2 class=\"mc-toc-title\"><span style=\"color: #ffffff;\">Spotlight on Men\u2019s Sexual and Reproductive Health: A Global Call for Action<\/span><\/h2>\n<\/td>\n<\/tr>\n<\/tbody>\n<\/table>\n<\/td>\n<\/tr>\n<\/tbody>\n<\/table>\n<\/td>\n<\/tr>\n<\/tbody>\n<\/table>\n<table class=\"mcnTextBlock\" border=\"0\" width=\"100%\" cellspacing=\"0\" cellpadding=\"0\">\n<tbody class=\"mcnTextBlockOuter\">\n<tr>\n<td class=\"mcnTextBlockInner\" valign=\"top\">\n<table class=\"mcnTextContentContainer\" border=\"0\" width=\"100%\" cellspacing=\"0\" cellpadding=\"0\" align=\"left\">\n<tbody>\n<tr>\n<td class=\"mcnTextContent\" valign=\"top\">\n<p>Men\u2019s sexual and reproductive health (SRH) is facing significant challenges, with higher rates of sexually transmitted infections, declining sperm counts, and increasing male sexual dysfunctions like erectile dysfunction. Despite these issues, men\u2019s SRH remains largely overlooked in global and regional health policies.<\/p>\n<p>A new report from Global Action on Men\u2019s Health, <strong><a href=\"https:\/\/worldsexualhealth.us13.list-manage.com\/track\/click?u=8bb6e803bfed46c18d1138efa&amp;id=b8a56986c4&amp;e=bcc320aa6a\" target=\"_blank\" rel=\"noopener\">Out of Focus: The Representation of Men in Regional and Global Sexual and Reproductive Health Policy<\/a>,<\/strong> reveals that only 16% of key health policies address men\u2019s SRH needs, often in negative terms, and neglect critical sub-groups such as older and disabled men.<\/p>\n<p>The report calls for a positive shift in focus on men\u2019s SRH, advocating for more sex-disaggregated data and addressing neglected issues like male infertility and reproductive cancers. It emphasizes the need for SRH programs that equally consider the needs of men and women, recognizing that better outcomes for men also benefit women.<\/p>\n<p>The report was launched during a GAMH webinar on September 4th, 2024, where WAS President Elna Rudolph was a speaker. <strong><a href=\"https:\/\/worldsexualhealth.us13.list-manage.com\/track\/click?u=8bb6e803bfed46c18d1138efa&amp;id=71f61be072&amp;e=bcc320aa6a\" target=\"_blank\" rel=\"noopener\">Watch the webinar recording here.<\/a><\/strong><\/p>\n<\/td>\n<\/tr>\n<\/tbody>\n<\/table>\n<\/td>\n<\/tr>\n<\/tbody>\n<\/table>\n<table class=\"mcnButtonBlock\" border=\"0\" width=\"100%\" cellspacing=\"0\" cellpadding=\"0\">\n<tbody class=\"mcnButtonBlockOuter\">\n<tr>\n<td class=\"mcnButtonBlockInner\" align=\"center\" valign=\"top\">\n<table class=\"mcnButtonContentContainer\" border=\"0\" cellspacing=\"0\" cellpadding=\"0\">\n<tbody>\n<tr>\n<td class=\"mcnButtonContent\" align=\"center\" valign=\"middle\"><a class=\"mcnButton \" title=\"Read the report here\" href=\"https:\/\/worldsexualhealth.us13.list-manage.com\/track\/click?u=8bb6e803bfed46c18d1138efa&amp;id=e8cef39b7b&amp;e=bcc320aa6a\" target=\"_blank\" rel=\"noopener\">Read the report here<\/a><\/td>\n<\/tr>\n<\/tbody>\n<\/table>\n<\/td>\n<\/tr>\n<\/tbody>\n<\/table>\n<table class=\"mcnDividerBlock\" border=\"0\" width=\"100%\" cellspacing=\"0\" cellpadding=\"0\">\n<tbody class=\"mcnDividerBlockOuter\">\n<tr>\n<td class=\"mcnDividerBlockInner\">\n<table class=\"mcnDividerContent\" border=\"0\" width=\"100%\" cellspacing=\"0\" cellpadding=\"0\">\n<tbody>\n<tr>\n<td>\u00a0<\/td>\n<\/tr>\n<\/tbody>\n<\/table>\n<\/td>\n<\/tr>\n<\/tbody>\n<\/table>\n<table class=\"mcnTextBlock\" border=\"0\" width=\"100%\" cellspacing=\"0\" cellpadding=\"0\">\n<tbody class=\"mcnTextBlockOuter\">\n<tr>\n<td class=\"mcnTextBlockInner\" valign=\"top\">\n<table class=\"mcnTextContentContainer\" border=\"0\" width=\"100%\" cellspacing=\"0\" cellpadding=\"0\" align=\"left\">\n<tbody>\n<tr>\n<td class=\"mcnTextContent\" valign=\"top\">Thank you for your continued dedication to promoting Sexual Health, Rights, Justice and Pleasure worldwide.\u00a0\n<p>Warm regards,<\/p>\n<p><strong>The World Association for Sexual Health<\/strong><\/p>\n<\/td>\n<\/tr>\n<\/tbody>\n<\/table>\n<\/td>\n<\/tr>\n<\/tbody>\n<\/table>\n<table class=\"mcnBoxedTextBlock\" border=\"0\" width=\"100%\" cellspacing=\"0\" cellpadding=\"0\">\n<tbody class=\"mcnBoxedTextBlockOuter\">\n<tr>\n<td class=\"mcnBoxedTextBlockInner\" valign=\"top\">\n<table class=\"mcnBoxedTextContentContainer\" border=\"0\" width=\"100%\" cellspacing=\"0\" cellpadding=\"0\" align=\"left\">\n<tbody>\n<tr>\n<td>\n<table class=\"mcnTextContentContainer\" border=\"0\" width=\"100%\" cellspacing=\"0\">\n<tbody>\n<tr>\n<td class=\"mcnTextContent\" valign=\"top\">\n<div><strong>Upcoming WAS 2025 Deadlines:<\/strong>\n<p><a href=\"https:\/\/worldsexualhealth.us13.list-manage.com\/track\/click?u=8bb6e803bfed46c18d1138efa&amp;id=f4c47580dd&amp;e=bcc320aa6a\" target=\"_blank\" rel=\"noopener\">Submissions for Gold Medal Award Nominations: 15 October 2024<\/a><br \/><a href=\"https:\/\/worldsexualhealth.us13.list-manage.com\/track\/click?u=8bb6e803bfed46c18d1138efa&amp;id=0de81f8d90&amp;e=bcc320aa6a\" target=\"_blank\" rel=\"noopener\">Abstract Submissions: 27 October 2024<\/a><br \/><a href=\"https:\/\/worldsexualhealth.us13.list-manage.com\/track\/click?u=8bb6e803bfed46c18d1138efa&amp;id=fbc36cfabd&amp;e=bcc320aa6a\" target=\"_blank\" rel=\"noopener\">Submissions for Sexuality Education Award\u00a0Nominations: 31\u00a0December 2024<\/a><br \/>Early Bird Registration: 28 February 2025<br \/>Accommodation Bookings: 17 May 2025<br \/>Standard Registration: 30 May 2025<\/p>\n<\/div>\n<\/td>\n<\/tr>\n<\/tbody>\n<\/table>\n<\/td>\n<\/tr>\n<\/tbody>\n<\/table>\n<\/td>\n<\/tr>\n<\/tbody>\n<\/table>\n<table class=\"mcnButtonBlock\" border=\"0\" width=\"100%\" cellspacing=\"0\" cellpadding=\"0\">\n<tbody class=\"mcnButtonBlockOuter\">\n<tr>\n<td class=\"mcnButtonBlockInner\" align=\"center\" valign=\"top\">\n<table class=\"mcnButtonContentContainer\" border=\"0\" cellspacing=\"0\" cellpadding=\"0\">\n<tbody>\n<tr>\n<td class=\"mcnButtonContent\" align=\"center\" valign=\"middle\"><a class=\"mcnButton \" title=\"Click here to visit the WAS website\" href=\"https:\/\/worldsexualhealth.us13.list-manage.com\/track\/click?u=8bb6e803bfed46c18d1138efa&amp;id=fece41ec63&amp;e=bcc320aa6a\" target=\"_blank\" rel=\"noopener\">Click here to visit the WAS website<\/a><\/td>\n<\/tr>\n<\/tbody>\n<\/table>\n<\/td>\n<\/tr>\n<\/tbody>\n<\/table>\n<table class=\"mcnButtonBlock\" border=\"0\" width=\"100%\" cellspacing=\"0\" cellpadding=\"0\">\n<tbody class=\"mcnButtonBlockOuter\">\n<tr>\n<td class=\"mcnButtonBlockInner\" align=\"center\" valign=\"top\">\n<table class=\"mcnButtonContentContainer\" border=\"0\" cellspacing=\"0\" cellpadding=\"0\">\n<tbody>\n<tr>\n<td class=\"mcnButtonContent\" align=\"center\" valign=\"middle\"><a class=\"mcnButton \" title=\"Not on our mailing list yet? Sign up here!\" href=\"https:\/\/worldsexualhealth.us13.list-manage.com\/track\/click?u=8bb6e803bfed46c18d1138efa&amp;id=8707ecfb4f&amp;e=bcc320aa6a\" target=\"_blank\" rel=\"noopener\">Not on our mailing list yet? Sign up here!<\/a><\/td>\n<\/tr>\n<\/tbody>\n<\/table>\n<\/td>\n<\/tr>\n<\/tbody>\n<\/table>\n<table class=\"mcnBoxedTextBlock\" border=\"0\" width=\"100%\" cellspacing=\"0\" cellpadding=\"0\">\n<tbody class=\"mcnBoxedTextBlockOuter\">\n<tr>\n<td class=\"mcnBoxedTextBlockInner\" valign=\"top\">\n<table class=\"mcnBoxedTextContentContainer\" border=\"0\" width=\"100%\" cellspacing=\"0\" cellpadding=\"0\" align=\"left\">\n<tbody>\n<tr>\n<td>\n<table class=\"mcnTextContentContainer\" border=\"0\" width=\"100%\" cellspacing=\"0\">\n<tbody>\n<tr>\n<td class=\"mcnTextContent\" valign=\"top\">\n<div>\n<p><strong>Support the Mission of WAS<\/strong><\/p>\n<p>We invite you to support the ongoing work of the World Association for Sexual Health (WAS).<\/p>\n<p>Your contributions help us continue our mission of promoting Sexual Health, Rights, and Justice globally. Consider becoming a supporting member or making a financial contribution today.<\/p>\n<p>Donations are tax-deductible in the USA.<\/p>\n<\/div>\n<\/td>\n<\/tr>\n<\/tbody>\n<\/table>\n<\/td>\n<\/tr>\n<\/tbody>\n<\/table>\n<\/td>\n<\/tr>\n<\/tbody>\n<\/table>\n<table class=\"mcnButtonBlock\" border=\"0\" width=\"100%\" cellspacing=\"0\" cellpadding=\"0\">\n<tbody class=\"mcnButtonBlockOuter\">\n<tr>\n<td class=\"mcnButtonBlockInner\" align=\"center\" valign=\"top\">\n<table class=\"mcnButtonContentContainer\" border=\"0\" cellspacing=\"0\" cellpadding=\"0\">\n<tbody>\n<tr>\n<td class=\"mcnButtonContent\" align=\"center\" valign=\"middle\"><a class=\"mcnButton \" title=\"Donate Here\" href=\"https:\/\/worldsexualhealth.us13.list-manage.com\/track\/click?u=8bb6e803bfed46c18d1138efa&amp;id=824db052bd&amp;e=bcc320aa6a\" target=\"_blank\" rel=\"noopener\">Donate Here<\/a><\/td>\n<\/tr>\n<\/tbody>\n<\/table>\n<\/td>\n<\/tr>\n<\/tbody>\n<\/table>","protected":false},"excerpt":{"rendered":"<p>Herzlich Willkommen 2022 &#8230; auf den Seiten der DGG neV (nicht als gemeinn\u00fctzig eingetragener Verein gef\u00fchrt und anerkannt) aus Sicherheitsgr\u00fcnden<\/p>\n","protected":false},"author":2,"featured_media":0,"parent":0,"menu_order":0,"comment_status":"closed","ping_status":"open","template":"","meta":{"footnotes":""},"class_list":["post-2","page","type-page","status-publish","hentry"],"_links":{"self":[{"href":"https:\/\/dgg-ev-bonn.de\/index.php\/wp-json\/wp\/v2\/pages\/2","targetHints":{"allow":["GET"]}}],"collection":[{"href":"https:\/\/dgg-ev-bonn.de\/index.php\/wp-json\/wp\/v2\/pages"}],"about":[{"href":"https:\/\/dgg-ev-bonn.de\/index.php\/wp-json\/wp\/v2\/types\/page"}],"author":[{"embeddable":true,"href":"https:\/\/dgg-ev-bonn.de\/index.php\/wp-json\/wp\/v2\/users\/2"}],"replies":[{"embeddable":true,"href":"https:\/\/dgg-ev-bonn.de\/index.php\/wp-json\/wp\/v2\/comments?post=2"}],"version-history":[{"count":37,"href":"https:\/\/dgg-ev-bonn.de\/index.php\/wp-json\/wp\/v2\/pages\/2\/revisions"}],"predecessor-version":[{"id":1672,"href":"https:\/\/dgg-ev-bonn.de\/index.php\/wp-json\/wp\/v2\/pages\/2\/revisions\/1672"}],"wp:attachment":[{"href":"https:\/\/dgg-ev-bonn.de\/index.php\/wp-json\/wp\/v2\/media?parent=2"}],"curies":[{"name":"wp","href":"https:\/\/api.w.org\/{rel}","templated":true}]}}