{"id":92,"date":"2022-01-18T12:15:00","date_gmt":"2022-01-18T11:15:00","guid":{"rendered":"http:\/\/dgg-ev-bonn.de\/wp\/?page_id=92"},"modified":"2025-11-17T17:34:10","modified_gmt":"2025-11-17T16:34:10","slug":"impressum","status":"publish","type":"page","link":"http:\/\/dgg-ev-bonn.de\/index.php\/impressum\/","title":{"rendered":"Impressum\/Datenschutzerkl\u00e4rung"},"content":{"rendered":"<pre><strong>Impressum\u00a0(<\/strong><strong>Angaben gem\u00e4\u00df \u00a7 5 TMG)\u00a0\u00a0 <\/strong><strong><em>Stand 18.1.2022, ge\u00e4. 230725 Dietz<\/em><\/strong><\/pre>\n<p>Verantwortlich i. S. d. P.\u00a0f\u00fcr die Inhalte dieser Seiten ist nach \u00a7 55 Abs. 2 RStV<\/p>\n<p><em>Linus J. Dietz, Lengfelder Str. 29, D-97078 W\u00fcrzburg<\/em><\/p>\n<pre><span style=\"font-size: 1.125rem;\">Datenschutzerkl\u00e4rung und EU-DSGVO\n<\/span>Wer wir sind<\/pre>\n<div class=\"entry-content clearfix\">\n<p>Die Adresse unserer Website ist: http:\/\/sexualerziehung.org<br \/>\nDGG-Vorsitzender <em>Linus J. Dietz, Lengfelder Str. 29, D-97078 W\u00fcrzburg<\/em><\/p>\n<p><strong>Informationspflichten nach Artikel 13 und 14 DSGVO<\/strong><\/p>\n<p>Nach Artikel 13 und 14 EU-DSGVO hat der Verantwortliche einer betroffenen Person, deren Daten er ver\u00adarbeitet, die in den Artikeln genannten Informationen bereit zu stellen. Dieser Informationspflicht kommt dieses Merkblatt nach.<\/p>\n<ol>\n<li><strong>Namen und Kontaktdaten des Verantwortlichen:<\/strong><\/li>\n<\/ol>\n<p>Deutsche Gesellschaft f\u00fcr Geschlechtserziehung e.V. (DGG eV), <a href=\"http:\/\/dgg-ev-bonn.de\/\">http:\/\/dgg-ev-bonn.de<\/a><\/p>\n<p>(seit 2012 gilt die DGG eV organisatorisch und rechtlich \u00fcbernommen durch die DGG neV, Satzung, Ziele, Engagement in der Sache Gesundheitserziehung i. w. S. gem\u00e4\u00df WHO unter Einbezug der sexuellen Gesundheit und des sexuellen Wohlbefindens)<\/p>\n<p>Lengfelder Str. 29, D-97078 W\u00fcrzburg<\/p>\n<p>gesetzlich vertreten durch den Vorsitzenden nach \u00a7 26 BGB,<\/p>\n<p>Linus J. Dietz, Lengfelder Str. 29, D-97078 W\u00fcrzburg<\/p>\n<ol start=\"2\">\n<li><strong>Kontaktdaten des f\u00fcr den Datenschutz Zust\u00e4ndigen:<\/strong><\/li>\n<\/ol>\n<p>Deutsche Gesellschaft f\u00fcr Geschlechtserziehung e.V. (DGG eV), <a href=\"http:\/\/dgg-ev-bonn.de\/\">http:\/\/dgg-ev-bonn.de<\/a><\/p>\n<p>Linus J. Dietz, Lengfelder Str. 29, D-97078 W\u00fcrzburg<\/p>\n<ol start=\"3\">\n<li><strong>Zwecke, f\u00fcr die personenbezogenen Daten verarbeitet werden:<\/strong><\/li>\n<\/ol>\n<p>Die personenbezogenen Daten werden f\u00fcr die Durchf\u00fchrung des Mitgliedschaftsverh\u00e4ltnisses verarbeitet (zum Beispiel Einladung zu Versammlungen, Erhebung der Beitr\u00e4ge, Veranstaltung von Tagungen). Dar\u00fcber hinaus k\u00f6nnen personenbezogene Daten im Zusammenhang mit wissenschaftlichen Er\u00adeignissen einschlie\u00dflich der Berichterstattung hier\u00fcber auf der Internetseite der DGG, in Auftrit\u00adten der DGG in Sozialen Medien sowie auf Seiten befreundeter Organisationen ver\u00f6ffentlicht und an lokale, regionale und \u00fcberregionale Printmedien \u00fcbermittelt werden.<\/p>\n<p><strong>4. Rechtsgrundlagen, auf Grund derer die Verarbeitung erfolgt:<\/strong><\/p>\n<p>Die Verarbeitung der personenbezogenen Daten erfolgt in der Regel aufgrund der Erforderlichkeit zur Erf\u00fcllung eines Vertrages gem\u00e4\u00df Artikel 6 Abs. 1 lit. b) DSGVO. Bei den Vertragsverh\u00e4ltnis\u00adsen handelt es sich in erster Linie um das Mitgliedschaftsverh\u00e4ltnis in der DGG und die im Zusammenhang damit stehende Teil\u00adnahme an wissenschaftlichen Tagungen und Veranstaltungen der DGG.<\/p>\n<p>Werden personenbezogene Daten erhoben, ohne dass die Verarbeitung zur Erf\u00fcllung des Vertra\u00adges erforderlich ist, erfolgt die Verarbeitung aufgrund einer Einwilligung nach Artikel 6 Abs. 1 lit. a) i.V.m. Artikel 7 DSGVO.<\/p>\n<p>Die Ver\u00f6ffentlichung personenbezogener Daten im Internet oder in lokalen, regionalen oder \u00fcberregionalen Printmedien erfolgt zur Wahrung berechtigter Interessen der DGSS (vergleiche Artikel 6 Abs. 1 lit. f) DSGVO). Das berechtigte Interesse der DGSS besteht in der Information der \u00d6ffentlichkeit durch Berichtserstattung \u00fcber die Aktivit\u00e4ten der DGSS. In diesem Rahmen werden personenbezogene Daten einschlie\u00dflich von Bildern der Teilnehmer zum Beispiel im Rahmen der Berichterstattung \u00fcber wissenschaftliche Ereignisse der DGG ver\u00f6ffentlicht.<\/p>\n<ol start=\"5\">\n<li><strong> Die Dauer, f\u00fcr die die personenbezogenen Daten gespeichert werden oder, falls dies nicht m\u00f6glich ist, die Kriterien f\u00fcr die Festlegung der Dauer:<\/strong><\/li>\n<\/ol>\n<p>Die personenbezogenen Daten werden f\u00fcr die Dauer der Mitgliedschaft gespeichert. Mit Beendigung der Mitgliedschaft werden die Datenkategorien gem\u00e4\u00df den gesetzlichen Aufbewahrungs\u00adfristen weitere zehn Jahre vorgehalten und dann gel\u00f6scht. In der Zeit zwischen Beendigung der Mitgliedschaft und der L\u00f6schung wird die Verarbeitung dieser Daten eingeschr\u00e4nkt.<\/p>\n<ol start=\"6\">\n<li><strong> Bestimmte Datenkategorien k\u00f6nnen zum Zweck der Vereinschronik im Vereinsarchiv gespeichert werden.<\/strong>Hierbei handelt es sich um die Kategorien Vorname, Nachname, besondere wissenschaft\u00adliche Erfolge oder Ereignisse, an denen die betroffene Person mitgewirkt hat. Der Speicherung liegt ein berechtigtes Interesse der DGG an der zeitgeschichtlichen Dokumentation von wissen\u00adschaftlichen Ereignissen und Erfolgen zugrunde.<\/li>\n<\/ol>\n<p>Alle Daten der \u00fcbrigen Kategorien (zum Beispiel Bankdaten, Anschrift, Kontaktdaten) werden mit Beendigung der Mitgliedschaft gel\u00f6scht.<\/p>\n<ol start=\"7\">\n<li><strong>Der betroffenen Person stehen unter den in den Artikeln jeweils genannten Voraussetzungen die nachfolgenden Rechte zu:<\/strong><\/li>\n<\/ol>\n<p>&#8211; das Recht auf Auskunft nach Artikel 15 DSGVO,<\/p>\n<p>&#8211; das Recht auf Berichtigung nach Artikel 16 DSGVO,<\/p>\n<p>&#8211; das Recht auf L\u00f6schung nach Artikel 17 DSGVO,<\/p>\n<p>&#8211; das Recht auf Einschr\u00e4nkung der Verarbeitung nach Artikel 18 DSGVO,<\/p>\n<p>&#8211; das Recht auf Daten\u00fcbertragbarkeit nach Artikel 20 DSGVO,<\/p>\n<p>&#8211; das Widerspruchsrecht nach Artikel 21 DSGVO,<\/p>\n<p>&#8211; das Recht auf Beschwerde bei einer Aufsichtsbeh\u00f6rde nach Artikel 77 DSGVO<\/p>\n<p>&#8211; das Recht, eine erteilte Einwilligung jederzeit widerrufen zu k\u00f6nnen, ohne dass die Rechtm\u00e4\u00dfigkeit<\/p>\n<p>der aufgrund der Einwilligung bis zum Widerruf erfolgten Verarbeitung hierdurch ber\u00fchrt wird.<\/p>\n<p><strong>8. Die Quelle, aus der die personenbezogenen Daten stammen:<\/strong><\/p>\n<p>Die personenbezogenen Daten werden grunds\u00e4tzlich im Rahmen des Erwerbs der Mitgliedschaft erhoben.<\/p>\n<p><span style=\"text-decoration: underline;\">Ende der Informationspflicht<\/span>\u00a0 \u00a0Stand:\u00a0 Mai 2018<\/p>\n<h2><\/h2>\n<h2>Welche personenbezogenen Daten wir sammeln und warum<\/h2>\n<h3>Kontaktformulare<\/h3>\n<p>Wenn sie mit uns in Kontakt treten werden folgenden Daten erhoben:<br \/>\n\u2013 Name, Vorname<br \/>\n\u2013 evtl. Anschrift und Telefonnummer<br \/>\n\u2013 E-Mail-Adresse<br \/>\n\u2013 bei einer Mitgliedschaft die Kontodaten<\/p>\n<h3>Eingebettete Inhalte von anderen Websites<\/h3>\n<p>Beitr\u00e4ge auf dieser Website k\u00f6nnen eingebettete Inhalte beinhalten (z.\u00a0B. Videos, Bilder, Beitr\u00e4ge etc.). Eingebettete Inhalte von anderen Websites verhalten sich exakt so, als ob der Besucher die andere Website besucht h\u00e4tte.<\/p>\n<p>Diese Websites k\u00f6nnen Daten \u00fcber sie sammeln, Cookies benutzen, zus\u00e4tzliche Tracking-Dienste von Dritten einbetten und ihre Interaktion mit diesem eingebetteten Inhalt aufzeichnen, inklusive ihrer\u00a0 Interaktion mit dem eingebetteten Inhalt, falls sie ein Konto haben und auf dieser Website angemeldet sind.<\/p>\n<h3>Analysedienste<\/h3>\n<h2>Mit wem wir deine Daten teilen<\/h2>\n<h2>Wie lange wir deine Daten speichern<\/h2>\n<p>F\u00fcr Benutzer, die sich auf unserer Website registrieren, speichern wir zus\u00e4tzlich die pers\u00f6nlichen Informationen, die sie in ihren Benutzerprofilen angeben. Alle Benutzer k\u00f6nnen jederzeit ihre pers\u00f6nlichen Informationen einsehen, ver\u00e4ndern oder l\u00f6schen (der Benutzername kann nicht ver\u00e4ndert werden). Administratoren der Website k\u00f6nnen diese Informationen ebenfalls einsehen und ver\u00e4ndern.<\/p>\n<h2>Welche Rechte sie an ihren Daten haben<\/h2>\n<p>Wenn sie ein Konto auf dieser Website besitzen oder Kommentare geschrieben haben, k\u00f6nnen sie einen Export ihrer personenbezogenen Daten von uns anfordern, inklusive aller Daten, die sie uns mitgeteilt haben. Dar\u00fcber hinaus k\u00f6nnen sie\u00a0 die L\u00f6schung aller personenbezogenen Daten, die wir von ihnen\u00a0 gespeichert haben, anfordern. Dies umfasst nicht die Daten, die wir aufgrund administrativer, rechtlicher oder sicherheitsrelevanter Notwendigkeiten aufbewahren m\u00fcssen.<\/p>\n<h2>Wohin wir ihre Daten senden<\/h2>\n<p>Besucher-Kommentare werden von einem automatisierten Dienst zur Spam-Erkennung untersucht werden.<\/p>\n<\/div>\n<p><strong>Kontakt:\u00a0<\/strong><\/p>\n<p>An<\/p>\n<p>DGG, Vorsitzender\/President<\/p>\n<p>Linus Dietz<br \/>\nLengfelder Str. 29<br \/>\nD-97078 W\u00fcrzburg<\/p>\n<p>Telefon: +49 (0) 931 299958.6 \u00a0 \u00a0E-Mail: dgg at sexualerziehung.org<\/p>\n<p>Dein Name (Pflichtfeld)<\/p>\n<p>Deine E-Mail-Adresse (Pflichtfeld)<\/p>\n<p>Betreff (Pflichtfeld)<\/p>\n<p>Deine Nachricht (Pflichtfeld)<\/p>\n<p>Anhang (jpg|pdf|txt|doc|docx|bmp|png) Max. 1 Mb<\/p>\n<p>Dieses Formular speichert Ihren Namen, Ihre Email Adresse sowie den Inhalt,\u00a0 damit wir die Kommentare auf unsere Seite auswerten k\u00f6nnen.\u00a0Weitere Informationen\u00a0finden Sie auf unserer Seite der Datenschutzbestimmungen.<\/p>\n<p><strong>Ich stimme zu: JA oder NEIN<\/strong><\/p>\n<p>Die Checkbox f\u00fcr die Zustimmung zur Speicherung ist nach DSGVO zwingend.<\/p>\n<p><strong>Datenschutzerkl\u00e4rung\u00a0<a href=\"http:\/\/dgg-ev-bonn.de\/wp\/wp-content\/uploads\/2018\/05\/1-Datenschutz-Erkl\u00e4rung-DGG-2018-1.pdf\">1 Datenschutz-Erkl\u00e4rung DGG 2018<\/a><\/strong><\/p>\n<p><strong>Disclaimer<\/strong><\/p>\n<p><strong>Haftung f\u00fcr Inhalte<\/strong><\/p>\n<ol>\n<li>Als Diensteanbieter sind wir gem\u00e4\u00df \u00a7 7 Abs.1 TMG f\u00fcr eigene Inhalte auf diesen Seiten nach den allgemeinen Gesetzen verantwortlich. Nach \u00a7\u00a7 8 bis 10 TMG sind wir als Diensteanbieter jedoch nicht verpflichtet, \u00fcbermittelte oder gespeicherte fremde Informationen zu \u00fcberwachen oder nach Umst\u00e4nden zu forschen, die auf eine rechtswidrige T\u00e4tigkeit hinweisen. Verpflichtungen zur Entfernung oder Sperrung der Nutzung von Informationen nach den allgemeinen Gesetzen bleiben hiervon unber\u00fchrt. Eine diesbez\u00fcgliche Haftung ist jedoch erst ab dem Zeitpunkt der Kenntnis einer konkreten Rechtsverletzung m\u00f6glich. Bei Bekanntwerden von entsprechenden Rechtsverletzungen werden wir diese Inhalte umgehend entfernen.<\/li>\n<li>www.sexualerziehung.org \u00a0ist bem\u00fcht, f\u00fcr die Richtigkeit und Aktualit\u00e4t aller auf ihrer Website enthaltenen Informationen und Daten zu sorgen. Eine Haftung oder Garantie f\u00fcr die Aktualit\u00e4t, Richtigkeit und Vollst\u00e4ndigkeit der zur Verf\u00fcgung gestellten Informationen und Daten ist jedoch ausgeschlossen. In keinem Fall wird f\u00fcr Sch\u00e4den, die sich aus der Verwendung der abgerufenen Informationen ergeben, eine Haftung \u00fcbernommen.<\/li>\n<\/ol>\n<p>Die DGG eV \u00a0beh\u00e4lt sich vor, ohne Ank\u00fcndigung \u00c4nderungen oder Erg\u00e4nzungen der bereitgestellten Informationen oder Daten vorzunehmen.<\/p>\n<p><strong>Haftung f\u00fcr Links<\/strong><\/p>\n<ol>\n<li>Unser Angebot enth\u00e4lt Links zu externen Webseiten Dritter, auf deren Inhalte wir keinen Einfluss haben. Deshalb k\u00f6nnen wir f\u00fcr diese fremden Inhalte auch keine Gew\u00e4hr \u00fcbernehmen. F\u00fcr die Inhalte der verlinkten Seiten ist stets der jeweilige Anbieter oder Betreiber der Seiten verantwortlich. Die verlinkten Seiten wurden zum Zeitpunkt der Verlinkung auf m\u00f6gliche Rechtsverst\u00f6\u00dfe \u00fcberpr\u00fcft. Rechtswidrige Inhalte waren zum Zeitpunkt der Verlinkung nicht erkennbar. Eine permanente inhaltliche Kontrolle der verlinkten Seiten ist jedoch ohne konkrete Anhaltspunkte einer Rechtsverletzung nicht zumutbar. Bei Bekanntwerden von Rechtsverletzungen werden wir derartige Links umgehend entfernen.<\/li>\n<\/ol>\n<ol start=\"12\">\n<li>Mit Urteil vom 12. Mai 1998 \u2013 312 O 85\/98 \u2013 \u201cHaftung f\u00fcr Links\u201d hat das Landgericht (LG) in Hamburg entschieden, dass man durch die Anbringung eines Links, die Inhalte der gelinkten Seite ggf. mit zu verantworten hat. Dies kann \u2013 so das LG \u2013 nur dadurch verhindert werden, indem man sich ausdr\u00fccklich von diesen Inhalten distanziert. Hiermit distanzieren wir uns ausdr\u00fccklich von allen Inhalten aller gelinkten Seiten auf unserer Homepage. Diese Erkl\u00e4rung gilt f\u00fcr alle auf unserer Homepage angebrachten Links.<\/li>\n<\/ol>\n<p><strong>Bildverwendung<\/strong><\/p>\n<p>Lizenzfreie Bilder entsprechend der CCO (Creative Commons CC0) Verzichtserkl\u00e4rung<\/p>\n<p>Eigene Bilder sind nach dem deutschen Urheberrecht gesch\u00fctzt.<\/p>\n<p><strong>Urheberrecht<\/strong><\/p>\n<p>Die durch die Seitenbetreiber erstellten Inhalte und Werke auf diesen Seiten unterliegen dem deutschen Urheberrecht. Die Vervielf\u00e4ltigung, Bearbeitung, Verbreitung und jede Art der Verwertung au\u00dferhalb der Grenzen des Urheberrechtes bed\u00fcrfen der schriftlichen Zustimmung des jeweiligen Autors bzw. Erstellers. Downloads und Kopien dieser Seite sind nur f\u00fcr den privaten, nicht kommerziellen Gebrauch gestattet. Soweit die Inhalte auf dieser Seite nicht vom Betreiber erstellt wurden, werden die Urheberrechte Dritter beachtet. Insbesondere werden Inhalte Dritter als solche gekennzeichnet. Sollten Sie trotzdem auf eine Urheberrechtsverletzung aufmerksam werden, bitten wir um einen entsprechenden Hinweis. Bei Bekanntwerden von Rechtsverletzungen werden wir derartige Inhalte umgehend entfernen.<\/p>\n<p><strong>Haftungsausschluss<\/strong><\/p>\n<p><strong>Haftung f\u00fcr Inhalte &#8211;<\/strong><strong>\u00a0<\/strong>Mit gr\u00f6\u00dftm\u00f6glicher Sorgfalt und nach bestm\u00f6glichem Fachwissen und Gewissen sind die Inhalte der DGG-Seiten erstellt. F\u00fcr die juristische Richtigkeit, fachwissenschaftliche Vollst\u00e4ndigkeit und gesellschaftliche Aktualit\u00e4t der Inhalte kann ich jedoch keine generelle Gew\u00e4hr leisten. Als Anbieter einer Dienstleistung bin ich gem\u00e4\u00df \u00a7 7 Abs.1 TMG f\u00fcr eigene Inhalte auf diesen Seiten nach allgemeiner Gesetzeslage verantwortlich. Aber nach \u00a7\u00a7 8 bis 10 TMG bin ich als Anbieter eines Dienstes jedoch nicht verpflichtet, \u00fcbermittelte oder gespeicherte fremde Informationen zu \u00fcberwachen oder nach Umst\u00e4nden zu forschen, die auf eine rechtswidrige T\u00e4tigkeit hinweisen. Verpflichtungen zur Entfernung oder Sperrung der Nutzung von Informationen nach den allgemeinen Gesetzen bleiben hiervon unber\u00fchrt. Eine diesbez\u00fcgliche Haftung ist jedoch erst ab dem Zeitpunkt der Kenntnis einer konkreten Rechtsverletzung m\u00f6glich. Bei Bekanntwerden von entsprechenden Rechtsverletzungen werde ich diese Inhalte umgehend entfernen. Sollten sich Beanstandungen ergeben oder Anlass zur Sorge sein, so bitten wir um anlassbezogene R\u00fcckmeldung, um umgehend handeln zu k\u00f6nnen.<\/p>\n<p><strong>Haftung f\u00fcr Links &#8211;<\/strong><strong>\u00a0<\/strong>Das Angebot der DGG eV enth\u00e4lt Links zu externen Webseiten Dritter, auf deren Inhalte wir keinen Einfluss haben. Deshalb kann f\u00fcr diese fremden Inhalte auch keine Gew\u00e4hr \u00fcbernehmen werden. F\u00fcr die Inhalte der verlinkten Seiten ist stets der jeweilige Anbieter oder Betreiber der Seiten verantwortlich. Die verlinkten Seiten wurden zum Zeitpunkt der Verlinkung auf m\u00f6gliche Rechtsverst\u00f6\u00dfe \u00fcberpr\u00fcft. Rechtswidrige Inhalte waren zum Zeitpunkt der Verlinkung nicht erkennbar. Eine permanente inhaltliche Kontrolle der verlinkten Seiten ist jedoch ohne konkrete Anhaltspunkte einer Rechtsverletzung nicht zumutbar. Bei Bekanntwerden von Rechtsverletzungen werden wir nicht korrekte Links im Sinne der geltenden Rechtsprechung umgehend entfernen.<\/p>\n<p><strong>Urheberrecht &#8211;<\/strong>Die durch die Seitenbetreiberin erstellten Inhalte und Werke auf diesen Seiten unterliegen dem deutschen Urheberrecht. Die Vervielf\u00e4ltigung, Bearbeitung, Verbreitung und jede Art der Verwertung au\u00dferhalb der Grenzen des Urheberrechtes bed\u00fcrfen der schriftlichen Zustimmung des jeweiligen Autors bzw. Erstellers. Downloads und Kopien dieser Seite sind nur f\u00fcr den privaten, nicht kommerziellen Gebrauch gestattet. Soweit die Inhalte auf dieser Seite nicht von der Betreiberin erstellt wurden, werden die Urheberrechte Dritter beachtet. Insbesondere werden Inhalte Dritter als solche gekennzeichnet. Sollten Sie trotzdem auf eine Urheberrechtsverletzung aufmerksam werden, bitte ich um einen entsprechenden Hinweis. Bei Bekanntwerden von Rechtsverletzungen werde ich derartige Inhalte umgehend entfernen.<\/p>\n<p><strong>Datenschutz-<\/strong><strong>\u00a0<\/strong>Die Nutzung der DGG-Webseite ist in der Regel ohne Angabe pers\u00f6nlicher Daten m\u00f6glich. Soweit auf den Seiten personenbezogene Daten wie z. B. Name, Anschrift oder E-Mail-Adressen erhoben werden, erfolgt dies stets freiwillig. Sollten Daten anfallen ohne ausdr\u00fcckliche Zustimmung, so werden diese keinesfalls weitergegeben.\u00a0 Nicht gesondert\u00a0 sei darauf hinzuweisen, dass die Daten\u00fcbertragung im Internet z.B. bei der Kommunikation per E-Mail Sicherheitsl\u00fccken haben kann. Ein l\u00fcckenloser Schutz der Daten vor dem Zugriff durch Dritte ist nicht m\u00f6glich.\u00a0 Der Nutzung von im Rahmen der Impressumspflicht ver\u00f6ffentlichten Kontaktdaten durch Dritte zur \u00dcbersendung von nicht ausdr\u00fccklich angeforderter Werbung und Informationsmaterialien wird hiermit ausdr\u00fccklich widersprochen. Die Betreiberin der Seiten beh\u00e4lt sich ausdr\u00fccklich rechtliche Schritte vor f\u00fcr den Fall der unverlangten Zusendung von Werbeinformationen z. B. durch Spam-Mails und unn\u00f6tig bel\u00e4stigende Anrufe.<\/p>\n<p><strong>Links\u00a0<\/strong>&#8211; Wir distanzieren uns ausdr\u00fccklich von s\u00e4mtlichen Inhalten der von uns verlinkten Seiten! Allein die Inhaber der von uns verlinkten Seiten sind f\u00fcr deren Inhalte verantwortlich. Wir weisen hierauf hin, da das Landgericht Hamburg mit Urteil vom 12. Mai 1998 (Az. 312 O 85\/98) entschieden hat,\u00a0 dass man durch die Aufbringung eines Links die Inhalte der gelinkten Seite ggf. mit zu verantworten hat,\u00a0 es sei denn, dass man sich hiervon ausdr\u00fccklich distanziert.<\/p>\n<p><strong>Quelle:\u00a0<\/strong>eRecht24, das Portal zum Internetrecht von Rechtsanwalt S\u00f6ren Siebert, nach http:\/\/www.k-etschenberg.de\/3.html<\/p>\n<p><strong>Beratung:\u00a0<\/strong>Vorstands-, F\u00f6rdermitglieder, Ehrenr\u00e4te und Webmasters der DGG eV<\/p>\n<p><a href=\"http:\/\/dgg-ev-bonn.de\/wp\/wp-content\/uploads\/2018\/05\/1-Datenschutz-Erkl\u00e4rung-DGG-2018-1.pdf\">1 DGG-Datenschutz-Erkl\u00e4rung DGG 2018<\/a><\/p>\n<p>2\u00a0<a href=\"http:\/\/dgg-ev-bonn.de\/wp\/wp-content\/uploads\/2018\/06\/DGG-eV-DS-GVO-ala-DGSS-Mai-2018-1.pdf\">DGG eV DS-GVO ala DGSS Mai 2018<\/a><\/p>\n<p>3\u00a0<a href=\"http:\/\/dgg-ev-bonn.de\/wp\/wp-content\/uploads\/2018\/06\/DGG-mit-Daten-umgehen-howto-2018-DSGV.pdf\">DGG &#8211; Sparsam mit Daten umgehen &#8211; howto 2018 DSGV<\/a><\/p>\n<p>4\u00a0<a href=\"http:\/\/dgg-ev-bonn.de\/wp\/wp-content\/uploads\/2018\/06\/DGG-eV-Exempl-Verarbeitungsnachweis-Vorstand-6-2018.pdf\">DGG eV- Exempl Verarbeitungsnachweis Vorstand 6 2018<\/a><\/p>\n\n\n<p>5 Impressum mit Angaben gem. \u00a7 5 TMG der DGG neV: Sta<em><u>nd 11 2025 Diskussionsvorlage im Beirat mit einstimmigem Beschluss<\/u><\/em><\/p>\n\n\n\n<div data-wp-interactive=\"core\/file\" class=\"wp-block-file\"><object data-wp-bind--hidden=\"!state.hasPdfPreview\" hidden class=\"wp-block-file__embed\" data=\"http:\/\/dgg-ev-bonn.de\/wp-content\/uploads\/2025\/11\/2025-Impressum-DGGneV.pdf\" type=\"application\/pdf\" style=\"width:100%;height:600px\" aria-label=\"Einbettung von 2025 Impressum DGGneV.\"><\/object><a id=\"wp-block-file--media-131f3822-bc59-4b37-8d5d-6c343051d520\" href=\"http:\/\/dgg-ev-bonn.de\/wp-content\/uploads\/2025\/11\/2025-Impressum-DGGneV.pdf\">2025 Impressum DGGneV<\/a><a href=\"http:\/\/dgg-ev-bonn.de\/wp-content\/uploads\/2025\/11\/2025-Impressum-DGGneV.pdf\" class=\"wp-block-file__button wp-element-button\" download aria-describedby=\"wp-block-file--media-131f3822-bc59-4b37-8d5d-6c343051d520\">Herunterladen<\/a><\/div>\n","protected":false},"excerpt":{"rendered":"<p>Impressum\u00a0(Angaben gem\u00e4\u00df \u00a7 5 TMG)\u00a0\u00a0 Stand 18.1.2022, ge\u00e4. 230725 Dietz Verantwortlich i. S. d. P.\u00a0f\u00fcr die Inhalte dieser Seiten ist<\/p>\n","protected":false},"author":2,"featured_media":0,"parent":0,"menu_order":7,"comment_status":"closed","ping_status":"closed","template":"","meta":{"footnotes":""},"class_list":["post-92","page","type-page","status-publish","hentry"],"_links":{"self":[{"href":"http:\/\/dgg-ev-bonn.de\/index.php\/wp-json\/wp\/v2\/pages\/92","targetHints":{"allow":["GET"]}}],"collection":[{"href":"http:\/\/dgg-ev-bonn.de\/index.php\/wp-json\/wp\/v2\/pages"}],"about":[{"href":"http:\/\/dgg-ev-bonn.de\/index.php\/wp-json\/wp\/v2\/types\/page"}],"author":[{"embeddable":true,"href":"http:\/\/dgg-ev-bonn.de\/index.php\/wp-json\/wp\/v2\/users\/2"}],"replies":[{"embeddable":true,"href":"http:\/\/dgg-ev-bonn.de\/index.php\/wp-json\/wp\/v2\/comments?post=92"}],"version-history":[{"count":14,"href":"http:\/\/dgg-ev-bonn.de\/index.php\/wp-json\/wp\/v2\/pages\/92\/revisions"}],"predecessor-version":[{"id":1720,"href":"http:\/\/dgg-ev-bonn.de\/index.php\/wp-json\/wp\/v2\/pages\/92\/revisions\/1720"}],"wp:attachment":[{"href":"http:\/\/dgg-ev-bonn.de\/index.php\/wp-json\/wp\/v2\/media?parent=92"}],"curies":[{"name":"wp","href":"https:\/\/api.w.org\/{rel}","templated":true}]}}