{"id":80,"date":"2017-06-27T12:10:25","date_gmt":"2017-06-27T10:10:25","guid":{"rendered":"http:\/\/dgg-ev-bonn.de\/wp\/?page_id=80"},"modified":"2021-09-02T13:44:39","modified_gmt":"2021-09-02T11:44:39","slug":"resolutionen-uebersicht","status":"publish","type":"page","link":"http:\/\/dgg-ev-bonn.de\/index.php\/beispiel-seite\/resolutionen-uebersicht\/","title":{"rendered":"Resolutionen (\u00dcbersicht)"},"content":{"rendered":"<p><strong>A RESOLUTIONEN<\/strong><\/p>\n<p>Die Inhalte der Resolutionen aller Jahrestagungen stehen als Dokumente <em>unter <\/em>FORSCHUNG zur Verf\u00fcgung. Sie stellen f\u00fcr sexualp\u00e4dagogisch Verantwortliche konkrete Handlungs- und Diskussionsbeitr\u00e4ge \u2013 die EMPFEHLUNGEN der DGG &#8211; dar.<\/p>\n<p><strong>B\u00a0 INFORMATIONEN <\/strong><strong>zur Sexualp\u00e4dagogik und Sexualerziehung seit 1978<\/strong><\/p>\n<p>So lautet der Titel unserer <strong>Zeitschrift <\/strong>seit 1978; DGG-Mitteilungen, Gesellschaftsinformationen und aktuelle Berichte ab 1989 unter <strong>ISSN 0935-2643 <\/strong>und ab 2001 unter<strong> 1865-4703<\/strong><\/p>\n<p>[Diese Zusammenstellung auch mit Presseartikeln und Zitationen f\u00fcr die sexualp\u00e4dagogische Gemeinde der DGG eV und Interessierte hat rein informativen Charakter und sieht sich in \u00dcbereinstimmung mit dem UrhG, Teil 1, Abschn. 6. LD]<\/p>\n<p>Die DGG-Informationen sind satzungsgem\u00e4\u00dfes Mitgliedsorgan. Diese Zusammenstellung mit der \u00fcblichen Zitation von Beleg-Stellen zur didaktischen und methodischen Verwendung im Unterricht oder bei der sexualp\u00e4dagogischen Elternarbeit f\u00fcr die Mitglieder und F\u00f6rdere der DGG und daran Interessierte hat rein informativen Charakter und sieht sich in \u00dcbereinstimmung mit dem UrhG, Teil 1, Abschn. 6.<\/p>\n<ul>\n<li>Diese Zeitung enth\u00e4lt KEINE verdeckte Produkt-Platzierung. Die Erkl\u00e4rung der DGG zum Selbstverst\u00e4ndnis 2003 und die Compliance-Vereinbarung 2014 sind uns eine Selbstverst\u00e4ndlichkeit, n\u00e4mlich die Pflicht, sich an Recht, Gesetz und Ordnung\u00a0 zu halten und allgemein g\u00fcltige und gesellschaftlich anerkannte Richtlinien, moralische und ethische Regeln anzuwenden. Systematisches Fehlverhalten hat bei uns keine Chance! &#8211;\u00a0Vertrauen ist gut, Compliance ist besser.<\/li>\n<li>Leitgedanken gegen Homophobie f\u00fcr menschliche Vielfalt 2014 und die Sammlung der Forderungen gegen allgemeine Verunsicherung der schulischen Sexual-BILDUNG 2015 sind uns in der DGG Grundlage f\u00fcr unser Denken und Handeln. Diese Empfehlung geben wir gerne in die Gesellschaft weiter.<\/li>\n<li><span style=\"font-size: 1.125rem;\">Haben Sie Freude beim Lesen, lassen Sie sich f\u00fcr die Unterrichts- und Lebenspraxis inspirieren vom Informations-Mosaik und Kaleidoskop. <\/span><strong style=\"font-size: 1.125rem;\">\u00a0<\/strong><em style=\"font-size: 1.125rem;\">Redaktion Linus Dietz<\/em><\/li>\n<\/ul>\n<p><strong>C Jahrestagungen zur wissenschaftlichen sexualp\u00e4dagogischen FORSCHUNG <\/strong><\/p>\n<p>Chronologische \u00dcbersicht \u201eZur Geschichte der DGG e. V. \u201c\u00a0 seit 1978 \u2013 &#8230;ff<\/p>\n<p>29.06.1978 &#8211; Bonn: <em>Der Anspruch des jungen Menschen auf Geschlechtserziehung<\/em><\/p>\n<p>27.10.1979 &#8211; Bonn: <em>Die Praxis der Sexualerziehung in der Schule<\/em><\/p>\n<p><em>\u00a0<\/em>06.07.1980 &#8211; K\u00f6ln: <em>Sexualit\u00e4t als Unterrichtsgegenstand<\/em><\/p>\n<p>22.05.1981 &#8211; D\u00fcsseldorf: <em>Sexualerziehung im Spannungsfeld von Wissenschaftlichkeit<\/em><\/p>\n<p>15.05.1982 &#8211; K\u00f6nigstein\/Taunus: <em>Liebe und Sexualit\u00e4t<\/em><\/p>\n<p>18.06.1983 &#8211; Bocholt: <em>Kommunikation und Sexualerziehung<\/em><\/p>\n<p>19.05.1984 &#8211; Idar Oberstein: <em>Gesundheit und Sexualerziehung<\/em><\/p>\n<p>15.05.1985 &#8211; Bonn: <em>Sexualmoral und Massenmedien<\/em><\/p>\n<p>03.05.1986 &#8211; W\u00fcrzburg: <em>Sexualerziehung \u2013 Herausforderung annehmen<\/em><\/p>\n<p><em>\u00a0<\/em>20.06.1987 &#8211; Heidelberg: <em>8. Weltkongress gleichzeitig 10. DGG-Jahrestagung<\/em><\/p>\n<p>11.05.1988 &#8211; D\u00fcsseldorf: <em>Jugendsexualit\u00e4t heute und AIDS<\/em><\/p>\n<p>27.05.1989 &#8211; Neustadt-Diedesfeld: <em>Liebe und Sexualit\u00e4t, Vermittlungsprobleme brisanter Themen<\/em><\/p>\n<p>13.06.1990 &#8211; Karlsruhe: <em>Sexualerziehung\u00a0 statt Biologische ein Unterrichtsprinzip?<\/em><\/p>\n<p>31.05.1991 &#8211; W\u00fcrzburg: <em>Sexualerziehung in einem vereinigten Deutschland<\/em><\/p>\n<p>25.05.1992 &#8211; Magdeburg: <em>Pr\u00e4vention ungewollter Schwangerschaften<\/em><\/p>\n<p>15.05.1993 &#8211; Mainz: <em>Medieneinsatz in der Sexualerziehung<\/em><\/p>\n<p>04.06.1994 &#8211; K\u00f6ln: <em>Die aktuelle Situation der Sexualerziehung<\/em><\/p>\n<p>06.05.1995 &#8211; Kiel: <em>Sexualerziehung in der Schule<\/em><\/p>\n<p>11.05.1996 &#8211; K\u00f6ln: <em>Fuck und Fun auf der Datenautobahn. Schattenseiten<\/em><\/p>\n<p>30.05.1997 &#8211; Weimar: <em>Lust ohne Frust<\/em><\/p>\n<p>16.05.1998 &#8211; K\u00f6ln: <em>Koedukation \u2013 entt\u00e4uschte Hoffnung<\/em><\/p>\n<p>14.05.1999 &#8211; K\u00f6ln: <em>Wa (h) re Kinder<\/em><\/p>\n<p>01.06.2000 &#8211; Berlin: <em>Methoden der Sexualerziehung<\/em><\/p>\n<p>25.08.2001 &#8211; K\u00f6ln: <em>Fortpflanzungsmedizin und Sexualerziehung<\/em><\/p>\n<p>07.09.2002 &#8211; Dresden:<em> Lernfeld Sexualit\u00e4t \u2013 Herausforderung f\u00fcr die Gesellschaft<\/em><\/p>\n<p>03.10.2003 &#8211; Eisenach: <em>Sexualerziehung \u2013 Quo vadis?<\/em><\/p>\n<p>20.11.2004 &#8211; Rostock: <em>Sexualit\u00e4t als Behinderung?<\/em><\/p>\n<p>07.10.2005 &#8211; W\u00fcrzburg: <em>Sexualerziehung \u2013 Von Anfang an und immer<\/em><\/p>\n<p>23.09.2006 &#8211; Gie\u00dfen: <em>Sexualerziehung in Theorie und Praxis &#8211; was war, was ist, was wird sein?<\/em><\/p>\n<p>21.09.2007 &#8211; Berlin: <em>Quo vadis DGG &#8211; Standortbestimmung<\/em><\/p>\n<p>02.02.2008 &#8211; Bonn: <em>DGG als Lobby wissenschaftlicher Sexualp\u00e4dagogik<\/em><\/p>\n<p>27.03.2009 &#8211; W\u00fcrzburg: <em>40 Jahre schulisch verpflichtende Sexualerziehung<\/em><\/p>\n<p>19.04.2010 &#8211; Frankfurt: <em>Sexualp\u00e4dagogische Fortbildungsinitiative<\/em><\/p>\n<p>06.11.2011 &#8211; W\u00fcrzburg:<em> Sexualit\u00e4t und Humor<\/em><\/p>\n<p>26.05.2012 &#8211; M\u00fcnchen: <em>Sexualit\u00e4t und Macht<\/em><\/p>\n<p><em>\u00a0<\/em>20.11.2013 &#8211; Eberswalde: <em>F\u00e4cher\u00fcbergreifende Sexualerziehung &#8211; kompetenzorientierter Religionsunterricht<\/em><\/p>\n<p><em>\u00a0<\/em>15.9.2014<em> &#8211; Hamburg: Juristische Regulierung des Intimen \u2013Erkl\u00e4rungen zu Comliance, gegen Homophobie, gegen allgemeine Verunsicherung der schulischen Sexual-Bildung<\/em><\/p>\n<p><em>\u00a0<\/em>11.-12.12.2015<em> \u2013 Landau\/Pfalz: Aktuelles Hearing zur schulischen SexualBildung \u2013 Sexualerziehung contra Sexualisation \u2013 Jubilarehrung Dr. Kluge zum 80. Lob, Dank und Respekt<\/em><\/p>\n<p><em>\u00a0<\/em>17.-19.6.2016<em> \u2013 M\u00fcnchen: SEXUALIT\u00c4T ALS KONSUMGUT \/ SEXUALITY AS COMMODITY <\/em><\/p>\n<p>21.2.2017 \u2013 Berlin: Schulische Sexualerziehung braucht Verb\u00fcndete \u2013 Au\u00dferschulische Experten k\u00f6nnen hilfreich sein, aber die Verantwortung der Lehrkr\u00e4fte in den Schulen f\u00fcr die Gesetze basierende Aufkl\u00e4rung apriori et semper in allen Schulen, aller Schularten in allen Klassen nicht ersetzen &#8211; 40 Jahre DGG \u2013 Was wollten und was haben wir erreicht?<\/p>\n<p>27.10.2018 &#8211;\u00a0Leipzig u M\u00fcnchen: Verborgene Sexualit\u00e4ten \/ Sexualit\u00e4t als Herausforderung f\u00fcr die P\u00e4dagogik<\/p>\n<p>5.2.2019 &#8211; W\u00fcrzburg: Sx-bildung aktuell \u2013 NEUWAHL die letzte: Finale angek\u00fcndigt<\/p>\n<p>18.10.20 &#8211; Skype\/Video\/Corona: Ehrung DGSS f\u00fcr Dietz: Magnus-Hirschfeld-Medaille\/Online-Plattformen Sx-<\/p>\n<p>15.4.21 &#8211; Skype\/Video\/Corona: Sexualit\u00e4t 2021 \u2013 Wir diskutieren<\/p>\n<p>25.8.21 &#8211; W\u00fcrzburg: Finale: R\u00fccktritt Vorstand\/Auftrag an Past-President Dietz: Liquidierung der &#8222;eV&#8220;-DGG<\/p>\n<p><em>iV GeschStelle<\/em><\/p>\n","protected":false},"excerpt":{"rendered":"<p>A RESOLUTIONEN Die Inhalte der Resolutionen aller Jahrestagungen stehen als Dokumente unter FORSCHUNG zur Verf\u00fcgung. Sie stellen f\u00fcr sexualp\u00e4dagogisch Verantwortliche<\/p>\n","protected":false},"author":1,"featured_media":0,"parent":2,"menu_order":11,"comment_status":"closed","ping_status":"closed","template":"","meta":{"footnotes":""},"class_list":["post-80","page","type-page","status-publish","hentry"],"_links":{"self":[{"href":"http:\/\/dgg-ev-bonn.de\/index.php\/wp-json\/wp\/v2\/pages\/80","targetHints":{"allow":["GET"]}}],"collection":[{"href":"http:\/\/dgg-ev-bonn.de\/index.php\/wp-json\/wp\/v2\/pages"}],"about":[{"href":"http:\/\/dgg-ev-bonn.de\/index.php\/wp-json\/wp\/v2\/types\/page"}],"author":[{"embeddable":true,"href":"http:\/\/dgg-ev-bonn.de\/index.php\/wp-json\/wp\/v2\/users\/1"}],"replies":[{"embeddable":true,"href":"http:\/\/dgg-ev-bonn.de\/index.php\/wp-json\/wp\/v2\/comments?post=80"}],"version-history":[{"count":3,"href":"http:\/\/dgg-ev-bonn.de\/index.php\/wp-json\/wp\/v2\/pages\/80\/revisions"}],"predecessor-version":[{"id":1006,"href":"http:\/\/dgg-ev-bonn.de\/index.php\/wp-json\/wp\/v2\/pages\/80\/revisions\/1006"}],"up":[{"embeddable":true,"href":"http:\/\/dgg-ev-bonn.de\/index.php\/wp-json\/wp\/v2\/pages\/2"}],"wp:attachment":[{"href":"http:\/\/dgg-ev-bonn.de\/index.php\/wp-json\/wp\/v2\/media?parent=80"}],"curies":[{"name":"wp","href":"https:\/\/api.w.org\/{rel}","templated":true}]}}