{"id":71,"date":"2017-06-27T12:08:42","date_gmt":"2017-06-27T10:08:42","guid":{"rendered":"http:\/\/dgg-ev-bonn.de\/wp\/?page_id=71"},"modified":"2025-07-23T12:52:25","modified_gmt":"2025-07-23T10:52:25","slug":"beitritt","status":"publish","type":"page","link":"http:\/\/dgg-ev-bonn.de\/index.php\/beitritt\/","title":{"rendered":"Beitritt"},"content":{"rendered":"<p><span style=\"font-size: 9.0pt; font-family: 'Verdana',sans-serif; color: #393939;\">&#8222;Geschlechtserziehung&#8220; ist nichts anderes als die deutsche \u00dcbersetzung des Wortes &#8222;Sexualerziehung&#8220;. Die Gr\u00fcnder der DGG gaben bei der Namensgebung als \u201eDeutsche\u201c Gesellschaft dem deutschen Wort den Vorzug. Auch um die einengende sexualisierte Betrachtungsweise umfassend diskutieren zu k\u00f6nnen.\u00a0 Ebenso gut k\u00f6nnte es nat\u00fcrlich auch Sexualkunde oder Sexualunterricht oder auch Aufkl\u00e4rung bzw. Aufkl\u00e4rungsunterricht hei\u00dfen. Die ausschlie\u00dflich der Wissenschaft verpflichtete Geschlechtserziehung m\u00f6chte sowohl die wissenschaftlich begr\u00fcndete Theorie (Sexualp\u00e4dagogik, Sexualforschung, Sexualmedizin) als auch die konsensf\u00e4hig erprobte schulische oder sonst wie erzieherisch gestaltende Praxis (Didaktik und Methodik der intentionalen Sexualerziehung) umgreifen, die bewusst und gezielt \u00fcber sexuelle Aufkl\u00e4rung hinaus in die Gesamterziehung eingebunden sein soll. Vielleicht w\u00e4re auch f\u00fcr die DGG der weitest gehende Begriff der Gesundheitserziehung angebracht, hierbei k\u00f6nnte das Gesellschaftsemblem der Namensbuchstaben beibehalten werden und das antiquiert wirkende \u201eGeschlecht\u201c durch \u201eGesundheit\u201c ersetzt werden im Sinne der WHO und unseres Dachverbandes WAS.<\/span><span class=\"apple-converted-space\"><span style=\"font-family: 'Verdana',sans-serif; color: #393939;\">\u00a0<\/span><\/span><\/p>\n<p>Wer das Anliegen und die Arbeit dieser Gesellschaft DGG als f\u00fcr Bildungszwecke gemeinn\u00fctzig anerkannter eingetragener Verein durch seine passive oder aktive Mitgliedschaft unterst\u00fctzen m\u00f6chte, ist herzlich willkommen.<span class=\"apple-converted-space\"><span style=\"font-family: 'Verdana',sans-serif; color: #393939;\"> Das gilt seit 2012 auch f\u00fcr die DGG neV.<br \/>\n<\/span><\/span><\/p>\n<p>Wir ben\u00f6tigen die Adresse und die Angabe des Berufes. Zudem bitten wir uns f\u00fcr \u201egesellschaftliche\u201c Zwecke im echten Wortsinn den Geburtstag und das Geschlecht mitzuteilen.<span class=\"apple-converted-space\"><span style=\"font-family: 'Verdana',sans-serif; color: #393939;\">\u00a0<\/span><\/span><\/p>\n<p>Der Beitrag f\u00fcr das ganze Kalenderjahr betr\u00e4gt 40 \u20ac pro Person bzw. 50\u20ac f\u00fcr Ehepaare.<span class=\"apple-converted-space\"><span style=\"font-family: 'Verdana',sans-serif; color: #393939;\">\u00a0<\/span><\/span><span style=\"font-family: 'Verdana',sans-serif; color: #393939;\">Beitrag f\u00fcr F\u00f6rdermitglieder, Institutionen und juristische Personen auf Anfrage. (seit 2012 werden keine Beitr\u00e4ge erhoben; Auslagen sind selbst zu tragen.)<br \/>\n<\/span><\/p>\n<p><span style=\"font-size: 9.0pt; font-family: 'Verdana',sans-serif; color: #393939;\"><br \/>\nDaf\u00fcr wird jedem Mitglied regelm\u00e4\u00dfig die &#8222;DGG-Information&#8220; als Heft kostenlos zugeschickt. Fachliche Beratung und pers\u00f6nliche Mitsorge im \u00fcblichen und vertretbaren Umfang ist bei bezahltem Jahresbeitrag kostenfrei. Ebenso kann die Bibliothek und das Zeitungartikel-Archiv zu Forschungszwecken, ggf. auf Anleitung an den digitalen Ger\u00e4tschaften der Gesch\u00e4ftsstelle, genutzt werden. Mitgliedern steht der aktive Zugang zu den satzungsgem\u00e4\u00dfen Gremien offen, die aktive und passive Mitarbeit sowie Mitsprache bei den satzungsrelevanten Entscheidungen.<\/span><\/p>\n<p><a href=\"http:\/\/www.dgg-ev-bonn.de\/conpresso\/_data\/aufnahmeantrag.pdf\"><b><span style=\"color: #858585;\">Ich m\u00f6chte die Arbeit der Deutschen Gesellschaft f\u00fcr Geschlechtserziehung e. V., Bonn (DGG e.V. Bonn) unterst\u00fctzen und Mitglied werden.\u00a0<\/span><\/b><\/a><\/p>\n<p>(seit 2012 gen\u00fcgt: ich w\u00fcrde mitarbeiten wollen &#8230;)<\/p>\n<p><strong><em>ANTRAG<\/em><\/strong><strong><em> auf <\/em><\/strong>\u00a0<strong><em>Mitgliedschaft <\/em><\/strong>\u00a0<strong><em>bei der DGG eV <\/em><\/strong><\/p>\n<p><em>Bitte senden Sie das untenstehende Formular ausgef\u00fcllt an uns zur\u00fcck Vielen Dank f\u00fcr Ihre Bem\u00fchungen und mit freundlichen Gr\u00fc\u00dfen <\/em><\/p>\n<ol>\n<li>A. <em>Ursula Hupp, Schatzmeisterin<\/em><\/li>\n<\/ol>\n<p>Sie sind sexualp\u00e4dagogisch interessiert und m\u00f6chten sich engagieren? Bei der DGG eV sind Sie dazu eingeladen.<\/p>\n<p>Der Bundestag hat 2007 nach intensiven Beratungen das <strong>Gesetz zur weiteren St\u00e4rkung des b\u00fcrgerschaftlichen Engagements <\/strong>beschlossen.<\/p>\n<p>Mit den Regelungen werden nach und nach zahlreiche Forderungen umgesetzt, wie die Entb\u00fcrokratisierung, die Vereine und Verb\u00e4nde schon seit Jahren kennen. Diese Regelungen tragen dem Ziel Rechnung, die rechtlichen Rahmenbedingungen und Auswirkungen der Gesetzgebung auf ehrenamtlich T\u00e4tige zu verbessern, das sog. Gemeinn\u00fctzigkeitsrecht b\u00fcrgerfreundlicher zu machen und im Stiftungs- und im Steuerrecht Anreize f\u00fcr die aktive B\u00fcrgergesellschaft zu schaffen. Der Bundesrat hat als letzte politische Instanz dem zugestimmt. Dadurch ist das Gesetz nunmehr endg\u00fcltig verabschiedet und tritt in Kraft, in Teilen sogar r\u00fcckwirkend zum 1. Januar 2007.<\/p>\n<p>Wir in der DGG eV sind 2012 vom Finanzamt W\u00fcrzburg unter der Nummer 257\/107\/60228 mit Freistellungsbescheid vom 19.4.2015 von der K\u00f6rperschaftssteuer befreit. Zuwendungen an die DGG k\u00f6nnen steuerwirksam eingefordert werden, weil wir <strong>gemeinn\u00fctzige Zwecke <\/strong>verfolgen f\u00fcr die F\u00f6rderung der Erziehung und die F\u00f6rderung der Volks- und Berufsbildung sowie der Studentenhilfe.<\/p>\n<p>Im Zuge der gesetzlichen Vorgaben zur Neuregelung der Ehrenamtst\u00e4tigkeiten und wohl auch zur Erh\u00f6hung der Rechtssicherheit vor jedwedem Missbrauch sind wir gezwungen weitreichende Ver\u00e4nderungen im Vereinswesen vorzunehmen.<\/p>\n<p>So sind die <strong>Zuwendungsbest\u00e4tigungen <\/strong>&#8211; fr\u00fcher: Spendenbescheinigungen &#8211; generell neu zu fassen, rechtssicher zu gestalten und zu trennen in Sammelbest\u00e4tigung \u00fcber Geldzuwendungen und\/oder Mitgliedsbeitr\u00e4ge sowie Best\u00e4tigung \u00fcber Sachzuwendungen.<\/p>\n<p>Um auf sicherer Seite zu sein, ist noch einmal die <strong>Beitrittserkl\u00e4rung zur DGG <\/strong>als Gesellschaft und Verein zur F\u00f6rderung der wissenschaftlich begr\u00fcndeten Sexualerziehung urschriftlich zu leisten. Und um unseren altersbedingten gesellschaftlichen Verpflichtungen f\u00fcr Betreuung bei Gratulationen, Ehrungen, Neuaufnahmen und Abschiede effektiver und <strong>gesellschaftlich vertr\u00e4glicher gestalten <\/strong>zu k\u00f6nnen, bitten wir Sie herzlich auch um vertrauensvolle Weitergabe einiger &#8222;gesch\u00fctzter&#8220; Daten. Wir werden \u00fcberaus sorgsam damit umgehen.<\/p>\n<p><strong>Um den Jahresbeitrag f\u00fcr die DGG eV einziehen zu k\u00f6nnen, ben\u00f6tigen wir Ihre ganz pers\u00f6nliche und individuelle IBAN und BIC Nummern und eine zweite Unterschrift, <\/strong><\/p>\n<p><strong>ein sog. Kombimandat aus Einzugserm\u00e4chtigung und SEPA-Lastschriftmandat\u2028<\/strong>Wir bitten um Verst\u00e4ndnis und haben die gro\u00dfe Hoffnung, dass unser Slogan <strong>WISSEN SCH\u00dcTZT <\/strong><strong>UND <\/strong><strong>BILDUNG N\u00dcTZT <\/strong><\/p>\n<p><strong>&#8211; S<\/strong><strong>EXUALP\u00c4DAGOGIK BRAUCHT <\/strong><strong>V<\/strong><strong>ERB\u00dcNDETE <\/strong>auch weiterhin honoriert wird.<\/p>\n<p>Die M\u00f6glichkeit sich nicht nur sexualp\u00e4dagogisch aktuell betreuen zu lassen, sich pers\u00f6nlich Rat holen zu k\u00f6nnen, hilfreiche Informationen in den DGG-Informationen seit 1978, die Satzung und alle Zeitschriften auf der Homepage www.sexualerziehung.org oder www.dgg-ev-bonn.de zu finden, das ist unser Angebot neben dem Versprechen ein Ehrenverm\u00e4chtnis \u00fcber den Tod hinaus zu pflegen, insbesondere f\u00fcr \u00fcberlassenen Materialien, Medien und Dokumente der Erinnerung.<\/p>\n<p>Gerne informiere ich auch pers\u00f6nlich oder beantworte Fragen schriftlich. Alle Anregungen, die uns zugehen, werden wohlwollend ber\u00fccksichtigt.<\/p>\n<p>In diesem Sinne wollen wir uns sexualwissenschaftlich weiter engagieren und bitten um Vertrauen und Unterst\u00fctzung. Sexualp\u00e4dagogisches Engagement ist ein Gebot unserer Zeit nach wie vor. Gerne nehmen wir auch W\u00fcnsche, Anregungen, Kritik entgegen.<\/p>\n<p>Wenn Sie einen R\u00fcckruf w\u00fcnschen, tun wir das gerne..\u2028Mit freundlich herzlichen Gr\u00fc\u00dfen und herzlichem Dank f\u00fcr das bisherige Engagement. <em>Der Vorsitzende\/President\u2028Linus Dietz <\/em><\/p>\n<p><strong><a href=\"http:\/\/dgg-ev-bonn.de\/wp\/wp-content\/uploads\/2018\/05\/Formular_Mitgliedsantrag.pdf\" target=\"_blank\" rel=\"noopener\">Best\u00e4tigung der Mitgliedschaft \/Neumitgliedschaft<\/a><\/strong><\/p>\n<p>SOLLTEN SIE NICHT MITGLIED WERDEN WOLLEN ODER K\u00d6NNEN, KEIN PROBLEM. DAF\u00dcR HABEN WIR SOGAR GRO\u00dfES VERST\u00c4NDNIS. A B E R &#8230; wir bitten, alternative M\u00f6glichkeiten zu beherzigen: Wegschauen, Verschweigen, sich selbst bei der \u201eAufkl\u00e4rung\u201c bel\u00fcgen, andere durch sein Veralten beeintr\u00e4chtigen oder gar zu gef\u00e4hrden: No way!<\/p>\n<p>Wissen sch\u00fctzt mich und meine Partner*_ Niemand muss an Unwissenheit sterben Kinder- und Jugendschutz first<\/p>\n<ul>\n<li><strong>ALTERNATIVE<\/strong><\/li>\n<\/ul>\n<p><strong><em>MAN MUSS NICHT MITGLIED BEI DER DGG EV SEIN, UM SICH SEXUALP\u00c4DAGOGISCH ZU ENGAGIEREN.<\/em><\/strong><\/p>\n<p># Der Vor\u00adstand ist der Mei\u00adnung, dass man nicht Mit\u00adglied sein m\u00fcs\u00adse, um\u00ad im Ein\u00adzel\u00adfall oder ge\u00adle\u00adgent\u00adlich die nicht un\u00adpro\u00adble\u00adma\u00adti\u00adsche Sa\u00adche der Se\u00adxu\u00adal\u00adp\u00e4\u00adda\u00adgo\u00adgik als Auf\u00adkl\u00e4\u00adrung und Pr\u00e4\u00adven\u00adtion un\u00adter\u00adst\u00fct\u00adzen zu k\u00f6n\u00adnen.<\/p>\n<ol start=\"5\">\n<li>Sie er\u00adhal\u00adten letzt\u00admals die DGG-In\u00adfor\u00adma\u00adtio\u00adnen.<\/li>\n<li>Ge\u00adsell\u00adschafts\u00adnach\u00adrich\u00adten und se\u00adxu\u00adal\u00adp\u00e4\u00adda\u00adgo\u00adgi\u00adsche In\u00adfor\u00adma\u00adtio\u00adnen sind auf der Ho\u00adme\u00adpa\u00adge <a href=\"http:\/\/www.sexualerziehung.org\/\">www.sexualerziehung.org<\/a> zu\u00ad fin\u00adden.<\/li>\n<\/ol>\n<p>&nbsp;<\/p>\n","protected":false},"excerpt":{"rendered":"<p>&#8222;Geschlechtserziehung&#8220; ist nichts anderes als die deutsche \u00dcbersetzung des Wortes &#8222;Sexualerziehung&#8220;. Die Gr\u00fcnder der DGG gaben bei der Namensgebung als<\/p>\n","protected":false},"author":1,"featured_media":0,"parent":0,"menu_order":5,"comment_status":"closed","ping_status":"closed","template":"","meta":{"footnotes":""},"class_list":["post-71","page","type-page","status-publish","hentry"],"_links":{"self":[{"href":"http:\/\/dgg-ev-bonn.de\/index.php\/wp-json\/wp\/v2\/pages\/71","targetHints":{"allow":["GET"]}}],"collection":[{"href":"http:\/\/dgg-ev-bonn.de\/index.php\/wp-json\/wp\/v2\/pages"}],"about":[{"href":"http:\/\/dgg-ev-bonn.de\/index.php\/wp-json\/wp\/v2\/types\/page"}],"author":[{"embeddable":true,"href":"http:\/\/dgg-ev-bonn.de\/index.php\/wp-json\/wp\/v2\/users\/1"}],"replies":[{"embeddable":true,"href":"http:\/\/dgg-ev-bonn.de\/index.php\/wp-json\/wp\/v2\/comments?post=71"}],"version-history":[{"count":7,"href":"http:\/\/dgg-ev-bonn.de\/index.php\/wp-json\/wp\/v2\/pages\/71\/revisions"}],"predecessor-version":[{"id":1674,"href":"http:\/\/dgg-ev-bonn.de\/index.php\/wp-json\/wp\/v2\/pages\/71\/revisions\/1674"}],"wp:attachment":[{"href":"http:\/\/dgg-ev-bonn.de\/index.php\/wp-json\/wp\/v2\/media?parent=71"}],"curies":[{"name":"wp","href":"https:\/\/api.w.org\/{rel}","templated":true}]}}