{"id":68,"date":"2017-06-27T12:08:30","date_gmt":"2017-06-27T10:08:30","guid":{"rendered":"http:\/\/dgg-ev-bonn.de\/wp\/?page_id=68"},"modified":"2022-02-13T18:46:56","modified_gmt":"2022-02-13T17:46:56","slug":"zeitschrift","status":"publish","type":"page","link":"http:\/\/dgg-ev-bonn.de\/index.php\/zeitschrift\/","title":{"rendered":"Zeitschrift"},"content":{"rendered":"\n<div data-wp-interactive=\"core\/file\" class=\"wp-block-file\"><object data-wp-bind--hidden=\"!state.hasPdfPreview\" hidden class=\"wp-block-file__embed\" data=\"http:\/\/dgg-ev-bonn.de\/wp-content\/uploads\/2022\/02\/2-LastOne-2021-3MB.pdf\" type=\"application\/pdf\" style=\"width:100%;height:600px\" aria-label=\"Einbettung von Einbettung von 2-LastOne-2021-3MB..\"><\/object><a href=\"http:\/\/dgg-ev-bonn.de\/wp-content\/uploads\/2022\/02\/2-LastOne-2021-3MB.pdf\">2-LastOne-2021-3MB<\/a><a href=\"http:\/\/dgg-ev-bonn.de\/wp-content\/uploads\/2022\/02\/2-LastOne-2021-3MB.pdf\" class=\"wp-block-file__button\" download>Herunterladen<\/a><\/div>\n\n\n\n<p>DGG-Informationen Nr. 1 2020 &#8230; coronabedingte Verz\u00f6gerung: in statu nascendi<\/p>\n\n\n\n<figure class=\"wp-block-image size-large is-resized\"><img loading=\"lazy\" decoding=\"async\" src=\"http:\/\/dgg-ev-bonn.de\/wp-content\/uploads\/2020\/09\/Buecherei-1978-2020-1.jpg\" alt=\"\" class=\"wp-image-817\" width=\"453\" height=\"384\" srcset=\"http:\/\/dgg-ev-bonn.de\/wp-content\/uploads\/2020\/09\/Buecherei-1978-2020-1.jpg 453w, http:\/\/dgg-ev-bonn.de\/wp-content\/uploads\/2020\/09\/Buecherei-1978-2020-1-300x254.jpg 300w\" sizes=\"auto, (max-width: 453px) 100vw, 453px\" \/><figcaption>DGG-B\u00fccherei 1978-2020<\/figcaption><\/figure>\n\n\n<p>DGG-Informationen Nr. 1 2020 \u2026 coronabedingte Verz\u00f6gerung: in statu nascend<br>Die DGG bietet an dieser Stelle die M\u00f6glichkeit, online auf s\u00e4mtliche bisher erschienenen Ausgaben ihrer Zeitschrift &#8222;DGG-Informationen&#8220; zuzugreifen.<\/p>\n<p>Die DGG-Informationen f\u00fcr Mitglieder und Interessierte liegen aus redaktions- und autorenrechtlichen Gr\u00fcnden nur in der Gesch\u00e4ftsstelle aus.<\/p>\n<p>Sollten Sie diese als Mitglied digital beziehen wollen, so wenden Sie sich bitte an&nbsp;<a href=\"https:\/\/3c.gmx.net\/mail\/client\/mail\/mailto;jsessionid=3B23547714F0A90CA4A0F6D38E839F41-n4.bs13a?to=dgg%40sexualerziehun.org\">dgg@sexualerziehung.org<\/a>&nbsp;<\/p>\n<p>Beim Kopieren und Zitieren erbitten wir die strikte Beachtung der gesetzlichen Vorgaben.<\/p>\n<p><strong>Hinweis zu Transparenz und Institutionenschutz:<\/strong><\/p>\n<p><em>Sexualp\u00e4dagogische Bildungsinformationen der DGG&nbsp; <strong>als wissenschaftliche Institution mit \u00f6ffentlich zug\u00e4nglicher Bibliothek<\/strong> (s. S. 6 Quelle) f\u00fcr Lehrkr\u00e4fte, Eltern, Sch\u00fclerinnen und Sch\u00fcler sowie grunds\u00e4tzlich sexualp\u00e4dagogisch Interessierten (m,w,d) verfolgen keinen kommerziellen Zweck; Zitationen dienen der Dokumentation zur Meinungsbildung f\u00fcr Experten und Interessierte sowie der Aus-, Fort- und Weiterbildung sowie insbesondere der didaktisch-methodischen Unterrichtsvorbereitung f\u00fcr Lehrkr\u00e4fte, die dem gesetzlichen Auftrag der Sexualbildung in allen Schulen aller Schularten aller Klassen nachkommen m\u00fcssen, obwohl sie der Staat f\u00fcr diese Aufgabe nicht hin- und ausreichend qualifiziert hat. Folglich sind alle schulischen Lehrkr\u00e4fte auf wohlwollende mediale Hilfe und Unterst\u00fctzung f\u00fcr ein dringend notwendiges autodidaktisches Studium angewiesen. Insoweit hat nach Auskunft verschiedener Juristen die Zusammenstellung der DGG-INFORMATIONEN in allen Ausgaben seit 1978 &nbsp;f\u00fcr die Mitglieder, Freunde und F\u00f6rderer (je m,w,d) sowie Interessierte der DGG und an der Sache Sexualbildung \u00fcberhaupt rein informativen Charakter. Wir f\u00f6rdern durch korrekte Quellenangabe ausdr\u00fccklich die Anerkennung der Autorenschaft und \u201ebedienen\u201c uns nicht zum Eigennutz. Die DGG sieht sich damit in \u00dcbereinstimmung mit UrhG, Teil 1, Abs. 6., S. 18 u<\/em><\/p>\n<p><em style=\"font-size: 1.125rem;\"><a href=\"http:\/\/www.mpifg.de\/pu\/mpifg_dp\/dp10-6.pdf\">http:\/\/www.mpifg.de\/pu\/mpifg_dp\/dp10-6.pdf<\/a><\/em><\/p>\n<p>DGG-Information Nr. 1\/2016 39. Jahrgang <a href=\"http:\/\/dgg-ev-bonn.de\/wp\/wp-content\/uploads\/2017\/06\/dgg-informationen_1_2016.pdf\">pdf-Datei<\/a><br>DGG- Hearing 2016 Heft 1\/2016 <a href=\"http:\/\/dgg-ev-bonn.de\/wp\/wp-content\/uploads\/2017\/06\/Hearing-2016.pdf\">pdf-Datei<\/a><\/p>\n\n\n<div class=\"wp-block-file\"><a href=\"http:\/\/dgg-ev-bonn.de\/wp-content\/uploads\/2020\/09\/DGG-Inf-1-2018-2.pdf\">DGG-Inf-1-2018-2<\/a><a href=\"http:\/\/dgg-ev-bonn.de\/wp-content\/uploads\/2020\/09\/DGG-Inf-1-2018-2.pdf\" class=\"wp-block-file__button\" download>Herunterladen<\/a><\/div>\n\n\n\n<div class=\"wp-block-file\"><a href=\"http:\/\/dgg-ev-bonn.de\/wp-content\/uploads\/2020\/09\/DGG-Info-2-2018-erg20-1.doc\">DGG-Info-2-2018-erg20-1<\/a><a href=\"http:\/\/dgg-ev-bonn.de\/wp-content\/uploads\/2020\/09\/DGG-Info-2-2018-erg20-1.doc\" class=\"wp-block-file__button\" download>Herunterladen<\/a><\/div>\n\n\n\n<div class=\"wp-block-file\"><a href=\"http:\/\/dgg-ev-bonn.de\/wp-content\/uploads\/2020\/09\/DGG-Info-2-2018-erg20.doc\">DGG-Info 2 2018 erg20.<\/a><a href=\"http:\/\/dgg-ev-bonn.de\/wp-content\/uploads\/2020\/09\/DGG-Info-2-2018-erg20.doc\" class=\"wp-block-file__button\" download>Herunterladen<\/a><\/div>\n\n\n\n<div class=\"wp-block-file\"><a href=\"http:\/\/dgg-ev-bonn.de\/wp-content\/uploads\/2020\/09\/2019-1-DGG-Info-Einladung-JT-Wuerzburg-1.pdf\">2019-1-DGG-Info-Einladung-JT-Wuerzburg-1<\/a><a href=\"http:\/\/dgg-ev-bonn.de\/wp-content\/uploads\/2020\/09\/2019-1-DGG-Info-Einladung-JT-Wuerzburg-1.pdf\" class=\"wp-block-file__button\" download>Herunterladen<\/a><\/div>\n\n\n\n<p>DGG-Informationen Nr. 1 2020 \u2026 coronabedingte verz\u00f6gert ist am 6.12.20 erschienen<\/p>\n\n\n\n<p style=\"font-size:-2px\"><em><span style=\"text-decoration: underline;\">S<\/span>o<span style=\"text-decoration: underline;\">llte ein Link nicht funktionieren, sorry,<\/span> kann passieren. Fordern Sie doch in so einem Falle die Zeitung als pdf per eMail an von        dgg@sexualerziehung.org<\/em><\/p>\n\n\n\n<div class=\"wp-block-file\"><a href=\"http:\/\/dgg-ev-bonn.de\/wp-content\/uploads\/2020\/12\/2020-DRUCKAusgabe-DGG-INFO.pdf\">2020-DRUCKAusgabe-DGG-INFO<\/a><a href=\"http:\/\/dgg-ev-bonn.de\/wp-content\/uploads\/2020\/12\/2020-DRUCKAusgabe-DGG-INFO.pdf\" class=\"wp-block-file__button\" download>Herunterladen<\/a><\/div>\n\n\n\n<div class=\"wp-block-file\"><a href=\"http:\/\/dgg-ev-bonn.de\/wp-content\/uploads\/2020\/12\/2019-DGG-Informationen-Langfassung-Holdienst.pdf\">2019 DGG Informationen Langfassung Holdienst<\/a><a href=\"http:\/\/dgg-ev-bonn.de\/wp-content\/uploads\/2020\/12\/2019-DGG-Informationen-Langfassung-Holdienst.pdf\" class=\"wp-block-file__button\" download>Herunterladen<\/a><\/div>\n\n\n\n<div class=\"wp-block-file\"><a href=\"http:\/\/dgg-ev-bonn.de\/wp-content\/uploads\/2020\/12\/2020-DGG_info-WEB.pdf\">2020-DGG_info-WEB<\/a><a href=\"http:\/\/dgg-ev-bonn.de\/wp-content\/uploads\/2020\/12\/2020-DGG_info-WEB.pdf\" class=\"wp-block-file__button\" download>Herunterladen<\/a><\/div>\n\n\n\n<div data-wp-interactive=\"core\/file\" class=\"wp-block-file\"><object data-wp-bind--hidden=\"!state.hasPdfPreview\" hidden class=\"wp-block-file__embed\" data=\"http:\/\/dgg-ev-bonn.de\/wp-content\/uploads\/2022\/02\/1-LastONE-2021-3MB.pdf\" type=\"application\/pdf\" style=\"width:100%;height:600px\" aria-label=\"Einbettung von Einbettung von 1-LastONE-2021-3MB..\"><\/object><a href=\"http:\/\/dgg-ev-bonn.de\/wp-content\/uploads\/2022\/02\/1-LastONE-2021-3MB.pdf\">1-LastONE-2021-3MB<\/a><a href=\"http:\/\/dgg-ev-bonn.de\/wp-content\/uploads\/2022\/02\/1-LastONE-2021-3MB.pdf\" class=\"wp-block-file__button\" download>Herunterladen<\/a><\/div>\n\n\n\n<div data-wp-interactive=\"core\/file\" class=\"wp-block-file\"><object data-wp-bind--hidden=\"!state.hasPdfPreview\" hidden class=\"wp-block-file__embed\" data=\"http:\/\/dgg-ev-bonn.de\/wp-content\/uploads\/2022\/02\/2-LastOne-2021-3MB-1.pdf\" type=\"application\/pdf\" style=\"width:100%;height:600px\" aria-label=\"Einbettung von Einbettung von 1-LastOne-2021-3MB-1..\"><\/object><a href=\"http:\/\/dgg-ev-bonn.de\/wp-content\/uploads\/2022\/02\/2-LastOne-2021-3MB-1.pdf\">1-LastOne-2021-3MB-1<\/a><a href=\"http:\/\/dgg-ev-bonn.de\/wp-content\/uploads\/2022\/02\/2-LastOne-2021-3MB-1.pdf\" class=\"wp-block-file__button\" download>Herunterladen<\/a><\/div>\n\n\n\n<div class=\"wp-block-file\"><a>2-LastOne-2021-3MB-2<\/a><a href=\"http:\/\/dgg-ev-bonn.de\/wp-content\/uploads\/2020\/12\/2020-DGG_info-WEB.pdf\" class=\"wp-block-file__button\" download>Herunterladen<\/a><\/div>\n\n\n\n<p><\/p>\n","protected":false},"excerpt":{"rendered":"<p>DGG-Informationen Nr. 1 2020 &#8230; coronabedingte Verz\u00f6gerung: in statu nascendi DGG-Informationen Nr. 1 2020 \u2026 coronabedingte Verz\u00f6gerung: in statu nascendDie<\/p>\n","protected":false},"author":1,"featured_media":0,"parent":0,"menu_order":4,"comment_status":"closed","ping_status":"closed","template":"","meta":{"footnotes":""},"class_list":["post-68","page","type-page","status-publish","hentry"],"_links":{"self":[{"href":"http:\/\/dgg-ev-bonn.de\/index.php\/wp-json\/wp\/v2\/pages\/68","targetHints":{"allow":["GET"]}}],"collection":[{"href":"http:\/\/dgg-ev-bonn.de\/index.php\/wp-json\/wp\/v2\/pages"}],"about":[{"href":"http:\/\/dgg-ev-bonn.de\/index.php\/wp-json\/wp\/v2\/types\/page"}],"author":[{"embeddable":true,"href":"http:\/\/dgg-ev-bonn.de\/index.php\/wp-json\/wp\/v2\/users\/1"}],"replies":[{"embeddable":true,"href":"http:\/\/dgg-ev-bonn.de\/index.php\/wp-json\/wp\/v2\/comments?post=68"}],"version-history":[{"count":20,"href":"http:\/\/dgg-ev-bonn.de\/index.php\/wp-json\/wp\/v2\/pages\/68\/revisions"}],"predecessor-version":[{"id":1154,"href":"http:\/\/dgg-ev-bonn.de\/index.php\/wp-json\/wp\/v2\/pages\/68\/revisions\/1154"}],"wp:attachment":[{"href":"http:\/\/dgg-ev-bonn.de\/index.php\/wp-json\/wp\/v2\/media?parent=68"}],"curies":[{"name":"wp","href":"https:\/\/api.w.org\/{rel}","templated":true}]}}