{"id":59,"date":"2017-06-27T12:06:48","date_gmt":"2017-06-27T10:06:48","guid":{"rendered":"http:\/\/dgg-ev-bonn.de\/wp\/?page_id=59"},"modified":"2019-02-01T15:52:40","modified_gmt":"2019-02-01T14:52:40","slug":"aktuelles","status":"publish","type":"page","link":"http:\/\/dgg-ev-bonn.de\/index.php\/aktuelles\/","title":{"rendered":"Themen &#038; Informationen"},"content":{"rendered":"<p>Berlin\/Landau\/K\u00f6ln\/W\u00fcrzburg \u2013 Die DGG arbeitet satzungsgem\u00e4\u00df f\u00fcr Mitglieder und interessierte \u00d6ffentlichkeit, plant Mitgliedertreffen und Jahresversammlung mit je turnusm\u00e4\u00dfigerNeu-Wahl, nach Bedarf finden auf Einladung des Vorsitzenden Vorstandssitzungen statt, auch erweiterte mit zugeladenen G\u00e4sten zu diversen und zeitaktuellen Themen sowie anstehenden Entscheidungen. Transparenz ist ein hohes Gut. Mitglieder und F\u00f6rdermitglieder stehen in regelm\u00e4\u00dfig in Kontakt,\u00a0analog und digital.<\/p>\n<p>Die DGG sieht sich positiv als &#8222;Influencer&#8220; in Sachen wissenschaftlich fundierter Sexualerziehung, insbesondere im schulischen Bereich. Insoweit nehmen wir Einfluss auf Mandatstr\u00e4ger und Entscheidungsgremien, stehen in m\u00f6glichst engem Kontakt mit Institutionen in gleicher Denkrichtung.<\/p>\n<p>Wir kooperieren mit allen Institutionen des Kindes- und Jugendschutzes im In- und Ausland.<\/p>\n<p>Verdiente Pers\u00f6nlichkeiten und besondere Aktionen heben wir durch ein &#8222;dickes Lob&#8220; oder Ehrung heraus. Dazu gilt unsere Ehrenordnung.<\/p>\n<div>Wir informieren \u00fcber aktuelle Veranstaltungen, relevante Neuerungen, diesbez\u00fcgliche Presseberichte und wichtige Gesetzes\u00e4nderungen und jeweils die neuesten Richtlinien und Empfehlungen zur Sexualbildung.<\/div>\n<div class=\"pager\"><\/div>\n","protected":false},"excerpt":{"rendered":"<p>Berlin\/Landau\/K\u00f6ln\/W\u00fcrzburg \u2013 Die DGG arbeitet satzungsgem\u00e4\u00df f\u00fcr Mitglieder und interessierte \u00d6ffentlichkeit, plant Mitgliedertreffen und Jahresversammlung mit je turnusm\u00e4\u00dfigerNeu-Wahl, nach Bedarf<\/p>\n","protected":false},"author":1,"featured_media":0,"parent":0,"menu_order":1,"comment_status":"closed","ping_status":"closed","template":"","meta":{"footnotes":""},"class_list":["post-59","page","type-page","status-publish","hentry"],"_links":{"self":[{"href":"http:\/\/dgg-ev-bonn.de\/index.php\/wp-json\/wp\/v2\/pages\/59","targetHints":{"allow":["GET"]}}],"collection":[{"href":"http:\/\/dgg-ev-bonn.de\/index.php\/wp-json\/wp\/v2\/pages"}],"about":[{"href":"http:\/\/dgg-ev-bonn.de\/index.php\/wp-json\/wp\/v2\/types\/page"}],"author":[{"embeddable":true,"href":"http:\/\/dgg-ev-bonn.de\/index.php\/wp-json\/wp\/v2\/users\/1"}],"replies":[{"embeddable":true,"href":"http:\/\/dgg-ev-bonn.de\/index.php\/wp-json\/wp\/v2\/comments?post=59"}],"version-history":[{"count":5,"href":"http:\/\/dgg-ev-bonn.de\/index.php\/wp-json\/wp\/v2\/pages\/59\/revisions"}],"predecessor-version":[{"id":476,"href":"http:\/\/dgg-ev-bonn.de\/index.php\/wp-json\/wp\/v2\/pages\/59\/revisions\/476"}],"wp:attachment":[{"href":"http:\/\/dgg-ev-bonn.de\/index.php\/wp-json\/wp\/v2\/media?parent=59"}],"curies":[{"name":"wp","href":"https:\/\/api.w.org\/{rel}","templated":true}]}}