{"id":130,"date":"2017-07-25T17:32:57","date_gmt":"2017-07-25T15:32:57","guid":{"rendered":"http:\/\/dgg-ev-bonn.de\/wp\/?page_id=130"},"modified":"2022-11-19T13:53:15","modified_gmt":"2022-11-19T12:53:15","slug":"digitale-ethik-der-dgg-e-v","status":"publish","type":"page","link":"http:\/\/dgg-ev-bonn.de\/index.php\/beispiel-seite\/digitale-ethik-der-dgg-e-v\/","title":{"rendered":"Digitale Ethik der DGG e.V."},"content":{"rendered":"<p><strong>DGG-Vereinbarung <\/strong><\/p>\n<p><em>2017 PRAG Weltkongress WAS &#8211; \u00fcberlesen und best\u00e4tigt 11\/2022 Pr\u00e4sident der Beratungsstelle DGG oeV<\/em><\/p>\n<p>K\u00f6nnen wir im Web miteinander einigerma\u00dfen lebenswert auskommen?\u00a0 Am Institut f\u00fcr digitale Ethik der Hochschule Medien Stuttgart haben unter der Leitung von Frau Prof. Dr.\u00a0 Petra Grimm Masterstudierende die 10 Gebote f\u00fcr ein gutes Miteinander im WEB entwickelt. Sie verstehen sich als Leitlinien, die helfen, die W\u00fcrde des Einzelnen, seine Selbstbestimmung und Handlungsfreiheit wertzusch\u00e4tzen. <a href=\"http:\/\/www.digitale-ethik.de\/digitalkompetenz\/10-gebote\">www.digitale-ethik.de\/digitalkompetenz\/10-gebote<\/a><\/p>\n<p><em>Die DGG eV hat beschlossen, diese Vereinbarung dankenswerter Weise anzuerkennen und zu verbreiten. \u201eWir leben in einer digitalisierten Welt. Hier haben wir ein Mehr an Freiheit, aber auch an Verantwortung. Wie wir uns verhalten und mit Konflikten umgehen, ist Ausdruck unserer ethischen Haltung. Es ist an der Zeit, sich dar\u00fcber zu verst\u00e4ndigen, wie ein gutes, gelingendes Leben in der digitalen Gesellschaft aussehen soll. Die zehn Gebote verstehen sich als Leitlinien, die helfen, die W\u00fcrde des Einzelnen, seine Selbstbestimmung und Handlungsfreiheit wertzusch\u00e4tzen. Lasst sie uns achten!\u201c<\/em><\/p>\n<ol>\n<li><strong> Erz\u00e4hle und zeige m\u00f6glichst wenig von Dir.<br \/>\n2. Akzeptiere nicht, dass Du beobachtet wirst und Deine Daten gesammelt werden.<br \/>\n3. Glaube nicht alles, was Du online siehst und informiere Dich aus verschiedenen Quellen.<br \/>\n4. Lasse nicht zu, dass jemand verletzt und gemobbt wird.<br \/>\n5. Respektiere die W\u00fcrde anderer Menschen und bedenke, dass auch im Web Regeln gelten.<br \/>\n6. Vertraue nicht jedem, mit dem Du online Kontakt hast.<br \/>\n7. Sch\u00fctze Dich und andere vor drastischen Inhalten.<br \/>\n8. Messe Deinen Wert nicht an Likes und Posts.<br \/>\n9. Bewerte Dich und Deinen K\u00f6rper nicht anhand von Zahlen und Statistiken.<br \/>\n10. Schalte hin und wieder ab und g\u00f6nne dir auch mal eine Auszeit.<\/strong><\/li>\n<\/ol>\n<p>Besuch der Seite lohnt sich \u2013 <u>Postkarte auch in Spanisch und Deutsch<\/u><\/p>\n<p><img loading=\"lazy\" decoding=\"async\" class=\"size-medium wp-image-131 alignleft\" src=\"http:\/\/dgg-ev-bonn.de\/wp\/wp-content\/uploads\/2017\/07\/digitale-ethik-300x212.png\" alt=\"\" width=\"300\" height=\"212\" srcset=\"http:\/\/dgg-ev-bonn.de\/wp-content\/uploads\/2017\/07\/digitale-ethik-300x212.png 300w, http:\/\/dgg-ev-bonn.de\/wp-content\/uploads\/2017\/07\/digitale-ethik-768x543.png 768w, http:\/\/dgg-ev-bonn.de\/wp-content\/uploads\/2017\/07\/digitale-ethik-1024x724.png 1024w, http:\/\/dgg-ev-bonn.de\/wp-content\/uploads\/2017\/07\/digitale-ethik.png 1517w\" sizes=\"auto, (max-width: 300px) 100vw, 300px\" \/><\/p>\n","protected":false},"excerpt":{"rendered":"<p>DGG-Vereinbarung 2017 PRAG Weltkongress WAS &#8211; \u00fcberlesen und best\u00e4tigt 11\/2022 Pr\u00e4sident der Beratungsstelle DGG oeV K\u00f6nnen wir im Web miteinander<\/p>\n","protected":false},"author":1,"featured_media":0,"parent":2,"menu_order":17,"comment_status":"closed","ping_status":"closed","template":"","meta":{"footnotes":""},"class_list":["post-130","page","type-page","status-publish","hentry"],"_links":{"self":[{"href":"http:\/\/dgg-ev-bonn.de\/index.php\/wp-json\/wp\/v2\/pages\/130","targetHints":{"allow":["GET"]}}],"collection":[{"href":"http:\/\/dgg-ev-bonn.de\/index.php\/wp-json\/wp\/v2\/pages"}],"about":[{"href":"http:\/\/dgg-ev-bonn.de\/index.php\/wp-json\/wp\/v2\/types\/page"}],"author":[{"embeddable":true,"href":"http:\/\/dgg-ev-bonn.de\/index.php\/wp-json\/wp\/v2\/users\/1"}],"replies":[{"embeddable":true,"href":"http:\/\/dgg-ev-bonn.de\/index.php\/wp-json\/wp\/v2\/comments?post=130"}],"version-history":[{"count":3,"href":"http:\/\/dgg-ev-bonn.de\/index.php\/wp-json\/wp\/v2\/pages\/130\/revisions"}],"predecessor-version":[{"id":1235,"href":"http:\/\/dgg-ev-bonn.de\/index.php\/wp-json\/wp\/v2\/pages\/130\/revisions\/1235"}],"up":[{"embeddable":true,"href":"http:\/\/dgg-ev-bonn.de\/index.php\/wp-json\/wp\/v2\/pages\/2"}],"wp:attachment":[{"href":"http:\/\/dgg-ev-bonn.de\/index.php\/wp-json\/wp\/v2\/media?parent=130"}],"curies":[{"name":"wp","href":"https:\/\/api.w.org\/{rel}","templated":true}]}}